{"id":794,"date":"2021-05-23T11:38:18","date_gmt":"2021-05-23T09:38:18","guid":{"rendered":"http:\/\/pascalnoppe.com\/?post_type=product&#038;p=794"},"modified":"2021-05-23T11:38:25","modified_gmt":"2021-05-23T09:38:25","slug":"le-pave-niortais","status":"publish","type":"product","link":"https:\/\/pascalnoppe.com\/index.php\/produit\/le-pave-niortais\/","title":{"rendered":"Le pav\u00e9 Niortais"},"content":{"rendered":"<p>sur un fond de p\u00e2te sabl\u00e9e, une p\u00e2te \u00e0 biscuit amande et pistache avec des cerises griottines, cuit au four , recouvert d&rsquo;une ganache au chocolat lait, pulveriser au chocolat au lait et vert.<\/p>\n","protected":false},"excerpt":{"rendered":"<p>sur un fond de p\u00e2te sabl\u00e9e, une p\u00e2te \u00e0 biscuit amande et pistache avec des cerises griottines, cuit au four , recouvert d&rsquo;une ganache au chocolat lait, pulveriser au chocolat au lait et vert.<\/p>\n","protected":false},"featured_media":824,"template":"","meta":[],"product_cat":[17,36],"product_tag":[],"_links":{"self":[{"href":"https:\/\/pascalnoppe.com\/index.php\/wp-json\/wp\/v2\/product\/794"}],"collection":[{"href":"https:\/\/pascalnoppe.com\/index.php\/wp-json\/wp\/v2\/product"}],"about":[{"href":"https:\/\/pascalnoppe.com\/index.php\/wp-json\/wp\/v2\/types\/product"}],"version-history":[{"count":0,"href":"https:\/\/pascalnoppe.com\/index.php\/wp-json\/wp\/v2\/product\/794\/revisions"}],"wp:featuredmedia":[{"embeddable":true,"href":"https:\/\/pascalnoppe.com\/index.php\/wp-json\/wp\/v2\/media\/824"}],"wp:attachment":[{"href":"https:\/\/pascalnoppe.com\/index.php\/wp-json\/wp\/v2\/media?parent=794"}],"wp:term":[{"taxonomy":"product_cat","embeddable":true,"href":"https:\/\/pascalnoppe.com\/index.php\/wp-json\/wp\/v2\/product_cat?post=794"},{"taxonomy":"product_tag","embeddable":true,"href":"https:\/\/pascalnoppe.com\/index.php\/wp-json\/wp\/v2\/product_tag?post=794"}],"curies":[{"name":"wp","href":"https:\/\/api.w.org\/{rel}","templated":true}]}}