{"id":793,"date":"2021-05-23T11:38:18","date_gmt":"2021-05-23T09:38:18","guid":{"rendered":"http:\/\/pascalnoppe.com\/?post_type=product&#038;p=793"},"modified":"2021-05-23T11:38:25","modified_gmt":"2021-05-23T09:38:25","slug":"le-brownies","status":"publish","type":"product","link":"https:\/\/pascalnoppe.com\/index.php\/produit\/le-brownies\/","title":{"rendered":"Le brownies"},"content":{"rendered":"<p>Une sp\u00e9cialit\u00e9 americaine, moelleux et tr\u00e8s chocolat\u00e9, avec des noix, cuit au four , se d\u00e9guste avec de la glace \u00e0 la vanille,une merveille de silmplicit\u00e9,<\/p>\n","protected":false},"excerpt":{"rendered":"<p>Une sp\u00e9cialit\u00e9 americaine, moelleux et tr\u00e8s chocolat\u00e9, avec des noix, cuit au four , se d\u00e9guste avec de la glace \u00e0 la vanille,une merveille de silmplicit\u00e9,<\/p>\n","protected":false},"featured_media":823,"template":"","meta":[],"product_cat":[17,36],"product_tag":[],"_links":{"self":[{"href":"https:\/\/pascalnoppe.com\/index.php\/wp-json\/wp\/v2\/product\/793"}],"collection":[{"href":"https:\/\/pascalnoppe.com\/index.php\/wp-json\/wp\/v2\/product"}],"about":[{"href":"https:\/\/pascalnoppe.com\/index.php\/wp-json\/wp\/v2\/types\/product"}],"version-history":[{"count":0,"href":"https:\/\/pascalnoppe.com\/index.php\/wp-json\/wp\/v2\/product\/793\/revisions"}],"wp:featuredmedia":[{"embeddable":true,"href":"https:\/\/pascalnoppe.com\/index.php\/wp-json\/wp\/v2\/media\/823"}],"wp:attachment":[{"href":"https:\/\/pascalnoppe.com\/index.php\/wp-json\/wp\/v2\/media?parent=793"}],"wp:term":[{"taxonomy":"product_cat","embeddable":true,"href":"https:\/\/pascalnoppe.com\/index.php\/wp-json\/wp\/v2\/product_cat?post=793"},{"taxonomy":"product_tag","embeddable":true,"href":"https:\/\/pascalnoppe.com\/index.php\/wp-json\/wp\/v2\/product_tag?post=793"}],"curies":[{"name":"wp","href":"https:\/\/api.w.org\/{rel}","templated":true}]}}