{"id":792,"date":"2021-05-23T11:38:18","date_gmt":"2021-05-23T09:38:18","guid":{"rendered":"http:\/\/pascalnoppe.com\/?post_type=product&#038;p=792"},"modified":"2021-05-23T11:38:24","modified_gmt":"2021-05-23T09:38:24","slug":"les-financiers","status":"publish","type":"product","link":"https:\/\/pascalnoppe.com\/index.php\/produit\/les-financiers\/","title":{"rendered":"Les financiers"},"content":{"rendered":"<p>Une p\u00e2te \u00e0 financier aux amandes , moelleux et croquant, cuit au four, se d\u00e9guste \u00e0 tout moment,<\/p>\n","protected":false},"excerpt":{"rendered":"<p>Une p\u00e2te \u00e0 financier aux amandes , moelleux et croquant, cuit au four, se d\u00e9guste \u00e0 tout moment,<\/p>\n","protected":false},"featured_media":822,"template":"","meta":[],"product_cat":[17,36],"product_tag":[],"_links":{"self":[{"href":"https:\/\/pascalnoppe.com\/index.php\/wp-json\/wp\/v2\/product\/792"}],"collection":[{"href":"https:\/\/pascalnoppe.com\/index.php\/wp-json\/wp\/v2\/product"}],"about":[{"href":"https:\/\/pascalnoppe.com\/index.php\/wp-json\/wp\/v2\/types\/product"}],"version-history":[{"count":0,"href":"https:\/\/pascalnoppe.com\/index.php\/wp-json\/wp\/v2\/product\/792\/revisions"}],"wp:featuredmedia":[{"embeddable":true,"href":"https:\/\/pascalnoppe.com\/index.php\/wp-json\/wp\/v2\/media\/822"}],"wp:attachment":[{"href":"https:\/\/pascalnoppe.com\/index.php\/wp-json\/wp\/v2\/media?parent=792"}],"wp:term":[{"taxonomy":"product_cat","embeddable":true,"href":"https:\/\/pascalnoppe.com\/index.php\/wp-json\/wp\/v2\/product_cat?post=792"},{"taxonomy":"product_tag","embeddable":true,"href":"https:\/\/pascalnoppe.com\/index.php\/wp-json\/wp\/v2\/product_tag?post=792"}],"curies":[{"name":"wp","href":"https:\/\/api.w.org\/{rel}","templated":true}]}}