{"id":791,"date":"2021-05-23T11:38:18","date_gmt":"2021-05-23T09:38:18","guid":{"rendered":"http:\/\/pascalnoppe.com\/?post_type=product&#038;p=791"},"modified":"2021-05-23T11:38:24","modified_gmt":"2021-05-23T09:38:24","slug":"pave-au-the-vert","status":"publish","type":"product","link":"https:\/\/pascalnoppe.com\/index.php\/produit\/pave-au-the-vert\/","title":{"rendered":"Pav\u00e9 au th\u00e9 vert"},"content":{"rendered":"<p>Sur fond de p\u00e2te sabl\u00e9e, une p\u00e2te \u00e0 cake au th\u00e9 vert&nbsp;avec des brisures de marrons glac\u00e9s, cuit au four moelleux comme un cake, recouvert d&rsquo;une ganache au chocolat blanc et pulv\u00e9ris\u00e9 au chocolat color\u00e9 vert, &nbsp;<\/p>\n","protected":false},"excerpt":{"rendered":"<p>Sur fond de p\u00e2te sabl\u00e9e, une p\u00e2te \u00e0 cake au th\u00e9 vert&nbsp;avec des brisures de marrons glac\u00e9s, cuit au four moelleux comme un cake, recouvert d&rsquo;une ganache au chocolat blanc et pulv\u00e9ris\u00e9 au chocolat color\u00e9 vert, &nbsp;<\/p>\n","protected":false},"featured_media":821,"template":"","meta":[],"product_cat":[17,36],"product_tag":[],"_links":{"self":[{"href":"https:\/\/pascalnoppe.com\/index.php\/wp-json\/wp\/v2\/product\/791"}],"collection":[{"href":"https:\/\/pascalnoppe.com\/index.php\/wp-json\/wp\/v2\/product"}],"about":[{"href":"https:\/\/pascalnoppe.com\/index.php\/wp-json\/wp\/v2\/types\/product"}],"version-history":[{"count":0,"href":"https:\/\/pascalnoppe.com\/index.php\/wp-json\/wp\/v2\/product\/791\/revisions"}],"wp:featuredmedia":[{"embeddable":true,"href":"https:\/\/pascalnoppe.com\/index.php\/wp-json\/wp\/v2\/media\/821"}],"wp:attachment":[{"href":"https:\/\/pascalnoppe.com\/index.php\/wp-json\/wp\/v2\/media?parent=791"}],"wp:term":[{"taxonomy":"product_cat","embeddable":true,"href":"https:\/\/pascalnoppe.com\/index.php\/wp-json\/wp\/v2\/product_cat?post=791"},{"taxonomy":"product_tag","embeddable":true,"href":"https:\/\/pascalnoppe.com\/index.php\/wp-json\/wp\/v2\/product_tag?post=791"}],"curies":[{"name":"wp","href":"https:\/\/api.w.org\/{rel}","templated":true}]}}