{"id":790,"date":"2021-05-23T11:38:17","date_gmt":"2021-05-23T09:38:17","guid":{"rendered":"http:\/\/pascalnoppe.com\/?post_type=product&#038;p=790"},"modified":"2021-05-23T11:38:23","modified_gmt":"2021-05-23T09:38:23","slug":"pensee-aux-myrtilles","status":"publish","type":"product","link":"https:\/\/pascalnoppe.com\/index.php\/produit\/pensee-aux-myrtilles\/","title":{"rendered":"Pens\u00e9e aux myrtilles"},"content":{"rendered":"<p>P\u00e2te feuillet\u00e9e, cr\u00e8me d&rsquo;amande l\u00e9g\u00e8re et myrtilles, glace royale, cuite au four, se d\u00e9cline aux framboises ou autres fruits selon la saison.<\/p>\n","protected":false},"excerpt":{"rendered":"<p>P\u00e2te feuillet\u00e9e, cr\u00e8me d&rsquo;amande l\u00e9g\u00e8re et myrtilles, glace royale, cuite au four, se d\u00e9cline aux framboises ou autres fruits selon la saison.<\/p>\n","protected":false},"featured_media":820,"template":"","meta":[],"product_cat":[17,36],"product_tag":[],"_links":{"self":[{"href":"https:\/\/pascalnoppe.com\/index.php\/wp-json\/wp\/v2\/product\/790"}],"collection":[{"href":"https:\/\/pascalnoppe.com\/index.php\/wp-json\/wp\/v2\/product"}],"about":[{"href":"https:\/\/pascalnoppe.com\/index.php\/wp-json\/wp\/v2\/types\/product"}],"version-history":[{"count":0,"href":"https:\/\/pascalnoppe.com\/index.php\/wp-json\/wp\/v2\/product\/790\/revisions"}],"wp:featuredmedia":[{"embeddable":true,"href":"https:\/\/pascalnoppe.com\/index.php\/wp-json\/wp\/v2\/media\/820"}],"wp:attachment":[{"href":"https:\/\/pascalnoppe.com\/index.php\/wp-json\/wp\/v2\/media?parent=790"}],"wp:term":[{"taxonomy":"product_cat","embeddable":true,"href":"https:\/\/pascalnoppe.com\/index.php\/wp-json\/wp\/v2\/product_cat?post=790"},{"taxonomy":"product_tag","embeddable":true,"href":"https:\/\/pascalnoppe.com\/index.php\/wp-json\/wp\/v2\/product_tag?post=790"}],"curies":[{"name":"wp","href":"https:\/\/api.w.org\/{rel}","templated":true}]}}