{"id":789,"date":"2021-05-23T11:38:17","date_gmt":"2021-05-23T09:38:17","guid":{"rendered":"http:\/\/pascalnoppe.com\/?post_type=product&#038;p=789"},"modified":"2021-05-23T11:38:23","modified_gmt":"2021-05-23T09:38:23","slug":"legende-a-la-framboise","status":"publish","type":"product","link":"https:\/\/pascalnoppe.com\/index.php\/produit\/legende-a-la-framboise\/","title":{"rendered":"L\u00e9gende \u00e0 la framboise"},"content":{"rendered":"<p>G\u00e2teau de voyage chocolat et amandes avec de la confiture de framboise et du gianduja. &nbsp;<\/p>\n","protected":false},"excerpt":{"rendered":"<p>G\u00e2teau de voyage chocolat et amandes avec de la confiture de framboise et du gianduja. &nbsp;<\/p>\n","protected":false},"featured_media":819,"template":"","meta":[],"product_cat":[17,36],"product_tag":[],"_links":{"self":[{"href":"https:\/\/pascalnoppe.com\/index.php\/wp-json\/wp\/v2\/product\/789"}],"collection":[{"href":"https:\/\/pascalnoppe.com\/index.php\/wp-json\/wp\/v2\/product"}],"about":[{"href":"https:\/\/pascalnoppe.com\/index.php\/wp-json\/wp\/v2\/types\/product"}],"version-history":[{"count":0,"href":"https:\/\/pascalnoppe.com\/index.php\/wp-json\/wp\/v2\/product\/789\/revisions"}],"wp:featuredmedia":[{"embeddable":true,"href":"https:\/\/pascalnoppe.com\/index.php\/wp-json\/wp\/v2\/media\/819"}],"wp:attachment":[{"href":"https:\/\/pascalnoppe.com\/index.php\/wp-json\/wp\/v2\/media?parent=789"}],"wp:term":[{"taxonomy":"product_cat","embeddable":true,"href":"https:\/\/pascalnoppe.com\/index.php\/wp-json\/wp\/v2\/product_cat?post=789"},{"taxonomy":"product_tag","embeddable":true,"href":"https:\/\/pascalnoppe.com\/index.php\/wp-json\/wp\/v2\/product_tag?post=789"}],"curies":[{"name":"wp","href":"https:\/\/api.w.org\/{rel}","templated":true}]}}