{"id":787,"date":"2021-05-23T11:38:17","date_gmt":"2021-05-23T09:38:17","guid":{"rendered":"http:\/\/pascalnoppe.com\/?post_type=product&#038;p=787"},"modified":"2021-05-23T11:38:22","modified_gmt":"2021-05-23T09:38:22","slug":"gateau-marbre","status":"publish","type":"product","link":"https:\/\/pascalnoppe.com\/index.php\/produit\/gateau-marbre\/","title":{"rendered":"G\u00e2teau marbr\u00e9"},"content":{"rendered":"<p>G\u00e2teau tradition \u00e0 la vanill et au chocolat en marbr\u00e9, rappel le \u00a0\u00bb Papy Brossard \u00a0\u00bb de notre jeunesse.<\/p>\n","protected":false},"excerpt":{"rendered":"<p>G\u00e2teau tradition \u00e0 la vanill et au chocolat en marbr\u00e9, rappel le \u00a0\u00bb Papy Brossard \u00a0\u00bb de notre jeunesse.<\/p>\n","protected":false},"featured_media":817,"template":"","meta":[],"product_cat":[17,36],"product_tag":[],"_links":{"self":[{"href":"https:\/\/pascalnoppe.com\/index.php\/wp-json\/wp\/v2\/product\/787"}],"collection":[{"href":"https:\/\/pascalnoppe.com\/index.php\/wp-json\/wp\/v2\/product"}],"about":[{"href":"https:\/\/pascalnoppe.com\/index.php\/wp-json\/wp\/v2\/types\/product"}],"version-history":[{"count":0,"href":"https:\/\/pascalnoppe.com\/index.php\/wp-json\/wp\/v2\/product\/787\/revisions"}],"wp:featuredmedia":[{"embeddable":true,"href":"https:\/\/pascalnoppe.com\/index.php\/wp-json\/wp\/v2\/media\/817"}],"wp:attachment":[{"href":"https:\/\/pascalnoppe.com\/index.php\/wp-json\/wp\/v2\/media?parent=787"}],"wp:term":[{"taxonomy":"product_cat","embeddable":true,"href":"https:\/\/pascalnoppe.com\/index.php\/wp-json\/wp\/v2\/product_cat?post=787"},{"taxonomy":"product_tag","embeddable":true,"href":"https:\/\/pascalnoppe.com\/index.php\/wp-json\/wp\/v2\/product_tag?post=787"}],"curies":[{"name":"wp","href":"https:\/\/api.w.org\/{rel}","templated":true}]}}