{"id":783,"date":"2021-05-23T11:38:16","date_gmt":"2021-05-23T09:38:16","guid":{"rendered":"http:\/\/pascalnoppe.com\/?post_type=product&#038;p=783"},"modified":"2021-05-23T11:38:20","modified_gmt":"2021-05-23T09:38:20","slug":"sensation-poire-chocolat-2","status":"publish","type":"product","link":"https:\/\/pascalnoppe.com\/index.php\/produit\/sensation-poire-chocolat-2\/","title":{"rendered":"Sensation poire chocolat"},"content":{"rendered":"<p>Caramel de poire au sel de Gu\u00e9rande, mousse chocolat noir excellence, poires confites \u00e0 la vanille, croquants de cacahu\u00e8tes et noisettes, biscuit chocolat, gla\u00e7age chocolat noir et crumble.<\/p>\n","protected":false},"excerpt":{"rendered":"<p>Caramel de poire au sel de Gu\u00e9rande, mousse chocolat noir excellence, poires confites \u00e0 la vanille, croquants de cacahu\u00e8tes et noisettes, biscuit chocolat, gla\u00e7age chocolat noir et crumble.<\/p>\n","protected":false},"featured_media":813,"template":"","meta":[],"product_cat":[17,35],"product_tag":[],"_links":{"self":[{"href":"https:\/\/pascalnoppe.com\/index.php\/wp-json\/wp\/v2\/product\/783"}],"collection":[{"href":"https:\/\/pascalnoppe.com\/index.php\/wp-json\/wp\/v2\/product"}],"about":[{"href":"https:\/\/pascalnoppe.com\/index.php\/wp-json\/wp\/v2\/types\/product"}],"version-history":[{"count":0,"href":"https:\/\/pascalnoppe.com\/index.php\/wp-json\/wp\/v2\/product\/783\/revisions"}],"wp:featuredmedia":[{"embeddable":true,"href":"https:\/\/pascalnoppe.com\/index.php\/wp-json\/wp\/v2\/media\/813"}],"wp:attachment":[{"href":"https:\/\/pascalnoppe.com\/index.php\/wp-json\/wp\/v2\/media?parent=783"}],"wp:term":[{"taxonomy":"product_cat","embeddable":true,"href":"https:\/\/pascalnoppe.com\/index.php\/wp-json\/wp\/v2\/product_cat?post=783"},{"taxonomy":"product_tag","embeddable":true,"href":"https:\/\/pascalnoppe.com\/index.php\/wp-json\/wp\/v2\/product_tag?post=783"}],"curies":[{"name":"wp","href":"https:\/\/api.w.org\/{rel}","templated":true}]}}