{"id":782,"date":"2021-05-23T11:38:16","date_gmt":"2021-05-23T09:38:16","guid":{"rendered":"http:\/\/pascalnoppe.com\/?post_type=product&#038;p=782"},"modified":"2021-05-23T11:38:20","modified_gmt":"2021-05-23T09:38:20","slug":"tartelettes-aux-fraises-tartelette-myrtilles","status":"publish","type":"product","link":"https:\/\/pascalnoppe.com\/index.php\/produit\/tartelettes-aux-fraises-tartelette-myrtilles\/","title":{"rendered":"Tartelettes aux fraises, tartelette myrtilles"},"content":{"rendered":"<p>Fond de p\u00e2te sabl\u00e9e, cr\u00e8me d&rsquo;amande, cr\u00e8me p\u00e2tissi\u00e8re vanille, et des fraises,<\/p>\n<div>Fond de p\u00e2te sabl\u00e9e, cr\u00e8me d&rsquo;amande, cr\u00e8me p\u00e2tissi\u00e8re vanille, et des myrtilles,<\/div>\n","protected":false},"excerpt":{"rendered":"<p>Fond de p\u00e2te sabl\u00e9e, cr\u00e8me d&rsquo;amande, cr\u00e8me p\u00e2tissi\u00e8re vanille, et des fraises, Fond de p\u00e2te sabl\u00e9e, cr\u00e8me d&rsquo;amande, cr\u00e8me p\u00e2tissi\u00e8re vanille, et des myrtilles,<\/p>\n","protected":false},"featured_media":812,"template":"","meta":[],"product_cat":[17,35],"product_tag":[],"_links":{"self":[{"href":"https:\/\/pascalnoppe.com\/index.php\/wp-json\/wp\/v2\/product\/782"}],"collection":[{"href":"https:\/\/pascalnoppe.com\/index.php\/wp-json\/wp\/v2\/product"}],"about":[{"href":"https:\/\/pascalnoppe.com\/index.php\/wp-json\/wp\/v2\/types\/product"}],"version-history":[{"count":0,"href":"https:\/\/pascalnoppe.com\/index.php\/wp-json\/wp\/v2\/product\/782\/revisions"}],"wp:featuredmedia":[{"embeddable":true,"href":"https:\/\/pascalnoppe.com\/index.php\/wp-json\/wp\/v2\/media\/812"}],"wp:attachment":[{"href":"https:\/\/pascalnoppe.com\/index.php\/wp-json\/wp\/v2\/media?parent=782"}],"wp:term":[{"taxonomy":"product_cat","embeddable":true,"href":"https:\/\/pascalnoppe.com\/index.php\/wp-json\/wp\/v2\/product_cat?post=782"},{"taxonomy":"product_tag","embeddable":true,"href":"https:\/\/pascalnoppe.com\/index.php\/wp-json\/wp\/v2\/product_tag?post=782"}],"curies":[{"name":"wp","href":"https:\/\/api.w.org\/{rel}","templated":true}]}}