{"id":751,"date":"2021-05-23T11:38:02","date_gmt":"2021-05-23T09:38:02","guid":{"rendered":"http:\/\/pascalnoppe.com\/?post_type=product&#038;p=751"},"modified":"2021-05-23T11:38:15","modified_gmt":"2021-05-23T09:38:15","slug":"tentation-caramel-mangue","status":"publish","type":"product","link":"https:\/\/pascalnoppe.com\/index.php\/produit\/tentation-caramel-mangue\/","title":{"rendered":"Tentation caramel mangue"},"content":{"rendered":"<p>Biscuit sabl\u00e9 reconstitu\u00e9, cr\u00e9meux de caramel au beurre sal\u00e9, po\u00eal\u00e9es de mangues \u00e0 la vanille,<\/p>\n","protected":false},"excerpt":{"rendered":"<p>Biscuit sabl\u00e9 reconstitu\u00e9, cr\u00e9meux de caramel au beurre sal\u00e9, po\u00eal\u00e9es de mangues \u00e0 la vanille,<\/p>\n","protected":false},"featured_media":781,"template":"","meta":[],"product_cat":[17,35],"product_tag":[],"_links":{"self":[{"href":"https:\/\/pascalnoppe.com\/index.php\/wp-json\/wp\/v2\/product\/751"}],"collection":[{"href":"https:\/\/pascalnoppe.com\/index.php\/wp-json\/wp\/v2\/product"}],"about":[{"href":"https:\/\/pascalnoppe.com\/index.php\/wp-json\/wp\/v2\/types\/product"}],"version-history":[{"count":0,"href":"https:\/\/pascalnoppe.com\/index.php\/wp-json\/wp\/v2\/product\/751\/revisions"}],"wp:featuredmedia":[{"embeddable":true,"href":"https:\/\/pascalnoppe.com\/index.php\/wp-json\/wp\/v2\/media\/781"}],"wp:attachment":[{"href":"https:\/\/pascalnoppe.com\/index.php\/wp-json\/wp\/v2\/media?parent=751"}],"wp:term":[{"taxonomy":"product_cat","embeddable":true,"href":"https:\/\/pascalnoppe.com\/index.php\/wp-json\/wp\/v2\/product_cat?post=751"},{"taxonomy":"product_tag","embeddable":true,"href":"https:\/\/pascalnoppe.com\/index.php\/wp-json\/wp\/v2\/product_tag?post=751"}],"curies":[{"name":"wp","href":"https:\/\/api.w.org\/{rel}","templated":true}]}}