{"id":750,"date":"2021-05-23T11:38:01","date_gmt":"2021-05-23T09:38:01","guid":{"rendered":"http:\/\/pascalnoppe.com\/?post_type=product&#038;p=750"},"modified":"2021-05-23T11:38:14","modified_gmt":"2021-05-23T09:38:14","slug":"le-miserable","status":"publish","type":"product","link":"https:\/\/pascalnoppe.com\/index.php\/produit\/le-miserable\/","title":{"rendered":"Le Mis\u00e9rable"},"content":{"rendered":"<p>Biscuit dacquoise amande, cr\u00e8me au beurre vanille \u00e0 l&rsquo;anglaise, simple mais d\u00e9licieux .<\/p>\n","protected":false},"excerpt":{"rendered":"<p>Biscuit dacquoise amande, cr\u00e8me au beurre vanille \u00e0 l&rsquo;anglaise, simple mais d\u00e9licieux .<\/p>\n","protected":false},"featured_media":780,"template":"","meta":[],"product_cat":[17,35],"product_tag":[],"_links":{"self":[{"href":"https:\/\/pascalnoppe.com\/index.php\/wp-json\/wp\/v2\/product\/750"}],"collection":[{"href":"https:\/\/pascalnoppe.com\/index.php\/wp-json\/wp\/v2\/product"}],"about":[{"href":"https:\/\/pascalnoppe.com\/index.php\/wp-json\/wp\/v2\/types\/product"}],"version-history":[{"count":0,"href":"https:\/\/pascalnoppe.com\/index.php\/wp-json\/wp\/v2\/product\/750\/revisions"}],"wp:featuredmedia":[{"embeddable":true,"href":"https:\/\/pascalnoppe.com\/index.php\/wp-json\/wp\/v2\/media\/780"}],"wp:attachment":[{"href":"https:\/\/pascalnoppe.com\/index.php\/wp-json\/wp\/v2\/media?parent=750"}],"wp:term":[{"taxonomy":"product_cat","embeddable":true,"href":"https:\/\/pascalnoppe.com\/index.php\/wp-json\/wp\/v2\/product_cat?post=750"},{"taxonomy":"product_tag","embeddable":true,"href":"https:\/\/pascalnoppe.com\/index.php\/wp-json\/wp\/v2\/product_tag?post=750"}],"curies":[{"name":"wp","href":"https:\/\/api.w.org\/{rel}","templated":true}]}}