{"id":748,"date":"2021-05-23T11:38:01","date_gmt":"2021-05-23T09:38:01","guid":{"rendered":"http:\/\/pascalnoppe.com\/?post_type=product&#038;p=748"},"modified":"2021-05-23T11:38:13","modified_gmt":"2021-05-23T09:38:13","slug":"le-dulce-de-leche","status":"publish","type":"product","link":"https:\/\/pascalnoppe.com\/index.php\/produit\/le-dulce-de-leche\/","title":{"rendered":"Le dulce de leche"},"content":{"rendered":"<p>Macaron, cr\u00e9me de caramel au chocolat blanc, pommes p\u00f4el\u00e9es dans le beurre et sucre,cr\u00e8me chantilly et macaron , <\/p>\n","protected":false},"excerpt":{"rendered":"<p>Macaron, cr\u00e9me de caramel au chocolat blanc, pommes p\u00f4el\u00e9es dans le beurre et sucre,cr\u00e8me chantilly et macaron ,<\/p>\n","protected":false},"featured_media":778,"template":"","meta":[],"product_cat":[17,35],"product_tag":[],"_links":{"self":[{"href":"https:\/\/pascalnoppe.com\/index.php\/wp-json\/wp\/v2\/product\/748"}],"collection":[{"href":"https:\/\/pascalnoppe.com\/index.php\/wp-json\/wp\/v2\/product"}],"about":[{"href":"https:\/\/pascalnoppe.com\/index.php\/wp-json\/wp\/v2\/types\/product"}],"version-history":[{"count":0,"href":"https:\/\/pascalnoppe.com\/index.php\/wp-json\/wp\/v2\/product\/748\/revisions"}],"wp:featuredmedia":[{"embeddable":true,"href":"https:\/\/pascalnoppe.com\/index.php\/wp-json\/wp\/v2\/media\/778"}],"wp:attachment":[{"href":"https:\/\/pascalnoppe.com\/index.php\/wp-json\/wp\/v2\/media?parent=748"}],"wp:term":[{"taxonomy":"product_cat","embeddable":true,"href":"https:\/\/pascalnoppe.com\/index.php\/wp-json\/wp\/v2\/product_cat?post=748"},{"taxonomy":"product_tag","embeddable":true,"href":"https:\/\/pascalnoppe.com\/index.php\/wp-json\/wp\/v2\/product_tag?post=748"}],"curies":[{"name":"wp","href":"https:\/\/api.w.org\/{rel}","templated":true}]}}