{"id":746,"date":"2021-05-23T11:38:01","date_gmt":"2021-05-23T09:38:01","guid":{"rendered":"http:\/\/pascalnoppe.com\/?post_type=product&#038;p=746"},"modified":"2021-05-23T11:38:12","modified_gmt":"2021-05-23T09:38:12","slug":"les-snickers","status":"publish","type":"product","link":"https:\/\/pascalnoppe.com\/index.php\/produit\/les-snickers\/","title":{"rendered":"Les snickers"},"content":{"rendered":"<p>biscuit sabl\u00e9 traou-mad, cr\u00e9meux chocolat noir, cr\u00e8me de caramel au beurre sal\u00e9, des cacahu\u00e8tes, gla\u00e7age chocolat noir,et du crumble.<\/p>\n","protected":false},"excerpt":{"rendered":"<p>biscuit sabl\u00e9 traou-mad, cr\u00e9meux chocolat noir, cr\u00e8me de caramel au beurre sal\u00e9, des cacahu\u00e8tes, gla\u00e7age chocolat noir,et du crumble.<\/p>\n","protected":false},"featured_media":776,"template":"","meta":[],"product_cat":[17,35],"product_tag":[],"_links":{"self":[{"href":"https:\/\/pascalnoppe.com\/index.php\/wp-json\/wp\/v2\/product\/746"}],"collection":[{"href":"https:\/\/pascalnoppe.com\/index.php\/wp-json\/wp\/v2\/product"}],"about":[{"href":"https:\/\/pascalnoppe.com\/index.php\/wp-json\/wp\/v2\/types\/product"}],"version-history":[{"count":0,"href":"https:\/\/pascalnoppe.com\/index.php\/wp-json\/wp\/v2\/product\/746\/revisions"}],"wp:featuredmedia":[{"embeddable":true,"href":"https:\/\/pascalnoppe.com\/index.php\/wp-json\/wp\/v2\/media\/776"}],"wp:attachment":[{"href":"https:\/\/pascalnoppe.com\/index.php\/wp-json\/wp\/v2\/media?parent=746"}],"wp:term":[{"taxonomy":"product_cat","embeddable":true,"href":"https:\/\/pascalnoppe.com\/index.php\/wp-json\/wp\/v2\/product_cat?post=746"},{"taxonomy":"product_tag","embeddable":true,"href":"https:\/\/pascalnoppe.com\/index.php\/wp-json\/wp\/v2\/product_tag?post=746"}],"curies":[{"name":"wp","href":"https:\/\/api.w.org\/{rel}","templated":true}]}}