{"id":744,"date":"2021-05-23T11:38:01","date_gmt":"2021-05-23T09:38:01","guid":{"rendered":"http:\/\/pascalnoppe.com\/?post_type=product&#038;p=744"},"modified":"2021-05-23T11:38:12","modified_gmt":"2021-05-23T09:38:12","slug":"le-sensation-tagada-et-pistache","status":"publish","type":"product","link":"https:\/\/pascalnoppe.com\/index.php\/produit\/le-sensation-tagada-et-pistache\/","title":{"rendered":"Le sensation tagada et pistache"},"content":{"rendered":"<p>Biscuit macaron, fraises confites, croquant de coco et cacahu\u00e9ttes, cr\u00e9meux de fraises des bois et fraises tagada, mousse \u00e0 la pistache, gla\u00e7age chocolat color\u00e9 vert.<\/p>\n","protected":false},"excerpt":{"rendered":"<p>Biscuit macaron, fraises confites, croquant de coco et cacahu\u00e9ttes, cr\u00e9meux de fraises des bois et fraises tagada, mousse \u00e0 la pistache, gla\u00e7age chocolat color\u00e9 vert.<\/p>\n","protected":false},"featured_media":774,"template":"","meta":[],"product_cat":[17,35],"product_tag":[],"_links":{"self":[{"href":"https:\/\/pascalnoppe.com\/index.php\/wp-json\/wp\/v2\/product\/744"}],"collection":[{"href":"https:\/\/pascalnoppe.com\/index.php\/wp-json\/wp\/v2\/product"}],"about":[{"href":"https:\/\/pascalnoppe.com\/index.php\/wp-json\/wp\/v2\/types\/product"}],"version-history":[{"count":0,"href":"https:\/\/pascalnoppe.com\/index.php\/wp-json\/wp\/v2\/product\/744\/revisions"}],"wp:featuredmedia":[{"embeddable":true,"href":"https:\/\/pascalnoppe.com\/index.php\/wp-json\/wp\/v2\/media\/774"}],"wp:attachment":[{"href":"https:\/\/pascalnoppe.com\/index.php\/wp-json\/wp\/v2\/media?parent=744"}],"wp:term":[{"taxonomy":"product_cat","embeddable":true,"href":"https:\/\/pascalnoppe.com\/index.php\/wp-json\/wp\/v2\/product_cat?post=744"},{"taxonomy":"product_tag","embeddable":true,"href":"https:\/\/pascalnoppe.com\/index.php\/wp-json\/wp\/v2\/product_tag?post=744"}],"curies":[{"name":"wp","href":"https:\/\/api.w.org\/{rel}","templated":true}]}}