{"id":742,"date":"2021-05-23T11:38:01","date_gmt":"2021-05-23T09:38:01","guid":{"rendered":"http:\/\/pascalnoppe.com\/?post_type=product&#038;p=742"},"modified":"2021-05-23T11:38:11","modified_gmt":"2021-05-23T09:38:11","slug":"le-sensation-vanille","status":"publish","type":"product","link":"https:\/\/pascalnoppe.com\/index.php\/produit\/le-sensation-vanille\/","title":{"rendered":"Le sensation vanille"},"content":{"rendered":"<p>cr\u00e8me vaniile l\u00e9g\u00e8re au fromage blanc et chocolat blanc, un biscuit amande l\u00e9gerement imbib\u00e9 de sirop vanille, des myrtille et cassis poch\u00e9s dans leur jus, un croustillant de coco et cacahu\u00e9ttes, glac\u00e9 chocolat blanc color\u00e9 bleu,<\/p>\n","protected":false},"excerpt":{"rendered":"<p>cr\u00e8me vaniile l\u00e9g\u00e8re au fromage blanc et chocolat blanc, un biscuit amande l\u00e9gerement imbib\u00e9 de sirop vanille, des myrtille et cassis poch\u00e9s dans leur jus, un croustillant de coco et cacahu\u00e9ttes, glac\u00e9 chocolat blanc color\u00e9 bleu,<\/p>\n","protected":false},"featured_media":772,"template":"","meta":[],"product_cat":[17,35],"product_tag":[],"_links":{"self":[{"href":"https:\/\/pascalnoppe.com\/index.php\/wp-json\/wp\/v2\/product\/742"}],"collection":[{"href":"https:\/\/pascalnoppe.com\/index.php\/wp-json\/wp\/v2\/product"}],"about":[{"href":"https:\/\/pascalnoppe.com\/index.php\/wp-json\/wp\/v2\/types\/product"}],"version-history":[{"count":0,"href":"https:\/\/pascalnoppe.com\/index.php\/wp-json\/wp\/v2\/product\/742\/revisions"}],"wp:featuredmedia":[{"embeddable":true,"href":"https:\/\/pascalnoppe.com\/index.php\/wp-json\/wp\/v2\/media\/772"}],"wp:attachment":[{"href":"https:\/\/pascalnoppe.com\/index.php\/wp-json\/wp\/v2\/media?parent=742"}],"wp:term":[{"taxonomy":"product_cat","embeddable":true,"href":"https:\/\/pascalnoppe.com\/index.php\/wp-json\/wp\/v2\/product_cat?post=742"},{"taxonomy":"product_tag","embeddable":true,"href":"https:\/\/pascalnoppe.com\/index.php\/wp-json\/wp\/v2\/product_tag?post=742"}],"curies":[{"name":"wp","href":"https:\/\/api.w.org\/{rel}","templated":true}]}}