{"id":741,"date":"2021-05-23T11:38:01","date_gmt":"2021-05-23T09:38:01","guid":{"rendered":"http:\/\/pascalnoppe.com\/?post_type=product&#038;p=741"},"modified":"2021-05-23T11:38:10","modified_gmt":"2021-05-23T09:38:10","slug":"la-tentation-tatin","status":"publish","type":"product","link":"https:\/\/pascalnoppe.com\/index.php\/produit\/la-tentation-tatin\/","title":{"rendered":"la tentation tatin"},"content":{"rendered":"<p>sur un fond de sabl\u00e9 breton reconstitu\u00e9, un cr\u00e9meux pomme verte et des p\u00f4mmes p\u00f4el\u00e9es fondante, \u00e9tonant.,<\/p>\n","protected":false},"excerpt":{"rendered":"<p>sur un fond de sabl\u00e9 breton reconstitu\u00e9, un cr\u00e9meux pomme verte et des p\u00f4mmes p\u00f4el\u00e9es fondante, \u00e9tonant.,<\/p>\n","protected":false},"featured_media":771,"template":"","meta":[],"product_cat":[17,35],"product_tag":[],"_links":{"self":[{"href":"https:\/\/pascalnoppe.com\/index.php\/wp-json\/wp\/v2\/product\/741"}],"collection":[{"href":"https:\/\/pascalnoppe.com\/index.php\/wp-json\/wp\/v2\/product"}],"about":[{"href":"https:\/\/pascalnoppe.com\/index.php\/wp-json\/wp\/v2\/types\/product"}],"version-history":[{"count":0,"href":"https:\/\/pascalnoppe.com\/index.php\/wp-json\/wp\/v2\/product\/741\/revisions"}],"wp:featuredmedia":[{"embeddable":true,"href":"https:\/\/pascalnoppe.com\/index.php\/wp-json\/wp\/v2\/media\/771"}],"wp:attachment":[{"href":"https:\/\/pascalnoppe.com\/index.php\/wp-json\/wp\/v2\/media?parent=741"}],"wp:term":[{"taxonomy":"product_cat","embeddable":true,"href":"https:\/\/pascalnoppe.com\/index.php\/wp-json\/wp\/v2\/product_cat?post=741"},{"taxonomy":"product_tag","embeddable":true,"href":"https:\/\/pascalnoppe.com\/index.php\/wp-json\/wp\/v2\/product_tag?post=741"}],"curies":[{"name":"wp","href":"https:\/\/api.w.org\/{rel}","templated":true}]}}