{"id":739,"date":"2021-05-23T11:38:01","date_gmt":"2021-05-23T09:38:01","guid":{"rendered":"http:\/\/pascalnoppe.com\/?post_type=product&#038;p=739"},"modified":"2021-05-23T11:38:10","modified_gmt":"2021-05-23T09:38:10","slug":"le-mac-tagada-2","status":"publish","type":"product","link":"https:\/\/pascalnoppe.com\/index.php\/produit\/le-mac-tagada-2\/","title":{"rendered":"Le Mac tagada"},"content":{"rendered":"<p>Macaron, cr\u00e8me mousseline \u00e0 la fraise tagada, fraises et fraises tagada, cr\u00e8me chantilly et macaron, un d\u00e9lice qui rappel notre enfance. <\/p>\n","protected":false},"excerpt":{"rendered":"<p>Macaron, cr\u00e8me mousseline \u00e0 la fraise tagada, fraises et fraises tagada, cr\u00e8me chantilly et macaron, un d\u00e9lice qui rappel notre enfance.<\/p>\n","protected":false},"featured_media":769,"template":"","meta":[],"product_cat":[17,35],"product_tag":[],"_links":{"self":[{"href":"https:\/\/pascalnoppe.com\/index.php\/wp-json\/wp\/v2\/product\/739"}],"collection":[{"href":"https:\/\/pascalnoppe.com\/index.php\/wp-json\/wp\/v2\/product"}],"about":[{"href":"https:\/\/pascalnoppe.com\/index.php\/wp-json\/wp\/v2\/types\/product"}],"version-history":[{"count":0,"href":"https:\/\/pascalnoppe.com\/index.php\/wp-json\/wp\/v2\/product\/739\/revisions"}],"wp:featuredmedia":[{"embeddable":true,"href":"https:\/\/pascalnoppe.com\/index.php\/wp-json\/wp\/v2\/media\/769"}],"wp:attachment":[{"href":"https:\/\/pascalnoppe.com\/index.php\/wp-json\/wp\/v2\/media?parent=739"}],"wp:term":[{"taxonomy":"product_cat","embeddable":true,"href":"https:\/\/pascalnoppe.com\/index.php\/wp-json\/wp\/v2\/product_cat?post=739"},{"taxonomy":"product_tag","embeddable":true,"href":"https:\/\/pascalnoppe.com\/index.php\/wp-json\/wp\/v2\/product_tag?post=739"}],"curies":[{"name":"wp","href":"https:\/\/api.w.org\/{rel}","templated":true}]}}