{"id":738,"date":"2021-05-23T11:38:00","date_gmt":"2021-05-23T09:38:00","guid":{"rendered":"http:\/\/pascalnoppe.com\/?post_type=product&#038;p=738"},"modified":"2021-05-23T11:38:09","modified_gmt":"2021-05-23T09:38:09","slug":"sensation-abricot-nougat","status":"publish","type":"product","link":"https:\/\/pascalnoppe.com\/index.php\/produit\/sensation-abricot-nougat\/","title":{"rendered":"Sensation abricot nougat"},"content":{"rendered":"<p>biscuit macaronade, g\u00e9noise amande avec sir\u00f4p abricot, cr\u00e9meux abricot avec des morceaux d&rsquo;abricots poel\u00e9s \u00e0 la vanille, mousse nougat, glac\u00e9 chocolat blanc avec des gouttes chocolat orange.<\/p>\n","protected":false},"excerpt":{"rendered":"<p>biscuit macaronade, g\u00e9noise amande avec sir\u00f4p abricot, cr\u00e9meux abricot avec des morceaux d&rsquo;abricots poel\u00e9s \u00e0 la vanille, mousse nougat, glac\u00e9 chocolat blanc avec des gouttes chocolat orange.<\/p>\n","protected":false},"featured_media":768,"template":"","meta":[],"product_cat":[17,35],"product_tag":[],"_links":{"self":[{"href":"https:\/\/pascalnoppe.com\/index.php\/wp-json\/wp\/v2\/product\/738"}],"collection":[{"href":"https:\/\/pascalnoppe.com\/index.php\/wp-json\/wp\/v2\/product"}],"about":[{"href":"https:\/\/pascalnoppe.com\/index.php\/wp-json\/wp\/v2\/types\/product"}],"version-history":[{"count":0,"href":"https:\/\/pascalnoppe.com\/index.php\/wp-json\/wp\/v2\/product\/738\/revisions"}],"wp:featuredmedia":[{"embeddable":true,"href":"https:\/\/pascalnoppe.com\/index.php\/wp-json\/wp\/v2\/media\/768"}],"wp:attachment":[{"href":"https:\/\/pascalnoppe.com\/index.php\/wp-json\/wp\/v2\/media?parent=738"}],"wp:term":[{"taxonomy":"product_cat","embeddable":true,"href":"https:\/\/pascalnoppe.com\/index.php\/wp-json\/wp\/v2\/product_cat?post=738"},{"taxonomy":"product_tag","embeddable":true,"href":"https:\/\/pascalnoppe.com\/index.php\/wp-json\/wp\/v2\/product_tag?post=738"}],"curies":[{"name":"wp","href":"https:\/\/api.w.org\/{rel}","templated":true}]}}