{"id":736,"date":"2021-05-23T11:38:00","date_gmt":"2021-05-23T09:38:00","guid":{"rendered":"http:\/\/pascalnoppe.com\/?post_type=product&#038;p=736"},"modified":"2021-05-23T11:38:08","modified_gmt":"2021-05-23T09:38:08","slug":"brownies-et-son-cremeux-a-la-framboise","status":"publish","type":"product","link":"https:\/\/pascalnoppe.com\/index.php\/produit\/brownies-et-son-cremeux-a-la-framboise\/","title":{"rendered":"Brownies et son cr\u00e9meux \u00e0 la framboise"},"content":{"rendered":"<p>biscuit brownies, ganacahe exc\u00e9llence \u00e0 la framboise,&#8230;<\/p>\n","protected":false},"excerpt":{"rendered":"<p>biscuit brownies, ganacahe exc\u00e9llence \u00e0 la framboise,&#8230;<\/p>\n","protected":false},"featured_media":766,"template":"","meta":[],"product_cat":[17,35],"product_tag":[],"_links":{"self":[{"href":"https:\/\/pascalnoppe.com\/index.php\/wp-json\/wp\/v2\/product\/736"}],"collection":[{"href":"https:\/\/pascalnoppe.com\/index.php\/wp-json\/wp\/v2\/product"}],"about":[{"href":"https:\/\/pascalnoppe.com\/index.php\/wp-json\/wp\/v2\/types\/product"}],"version-history":[{"count":0,"href":"https:\/\/pascalnoppe.com\/index.php\/wp-json\/wp\/v2\/product\/736\/revisions"}],"wp:featuredmedia":[{"embeddable":true,"href":"https:\/\/pascalnoppe.com\/index.php\/wp-json\/wp\/v2\/media\/766"}],"wp:attachment":[{"href":"https:\/\/pascalnoppe.com\/index.php\/wp-json\/wp\/v2\/media?parent=736"}],"wp:term":[{"taxonomy":"product_cat","embeddable":true,"href":"https:\/\/pascalnoppe.com\/index.php\/wp-json\/wp\/v2\/product_cat?post=736"},{"taxonomy":"product_tag","embeddable":true,"href":"https:\/\/pascalnoppe.com\/index.php\/wp-json\/wp\/v2\/product_tag?post=736"}],"curies":[{"name":"wp","href":"https:\/\/api.w.org\/{rel}","templated":true}]}}