{"id":734,"date":"2021-05-23T11:38:00","date_gmt":"2021-05-23T09:38:00","guid":{"rendered":"http:\/\/pascalnoppe.com\/?post_type=product&#038;p=734"},"modified":"2021-05-23T11:38:07","modified_gmt":"2021-05-23T09:38:07","slug":"le-mont-blanc","status":"publish","type":"product","link":"https:\/\/pascalnoppe.com\/index.php\/produit\/le-mont-blanc\/","title":{"rendered":"Le mont blanc"},"content":{"rendered":"<p>un classique, sur fond de p\u00e2te sabl\u00e9e, une cr\u00e8me l\u00e9g\u00e8re aux marrons, de la meringue,de la cr\u00e8me chantilly, le tout d\u00e9cor\u00e9 de cr\u00e8me \u00e0 marrons et pulv\u00e9ris\u00e9 au chocolat noir.<\/p>\n","protected":false},"excerpt":{"rendered":"<p>un classique, sur fond de p\u00e2te sabl\u00e9e, une cr\u00e8me l\u00e9g\u00e8re aux marrons, de la meringue,de la cr\u00e8me chantilly, le tout d\u00e9cor\u00e9 de cr\u00e8me \u00e0 marrons et pulv\u00e9ris\u00e9 au chocolat noir.<\/p>\n","protected":false},"featured_media":764,"template":"","meta":[],"product_cat":[17,35],"product_tag":[],"_links":{"self":[{"href":"https:\/\/pascalnoppe.com\/index.php\/wp-json\/wp\/v2\/product\/734"}],"collection":[{"href":"https:\/\/pascalnoppe.com\/index.php\/wp-json\/wp\/v2\/product"}],"about":[{"href":"https:\/\/pascalnoppe.com\/index.php\/wp-json\/wp\/v2\/types\/product"}],"version-history":[{"count":0,"href":"https:\/\/pascalnoppe.com\/index.php\/wp-json\/wp\/v2\/product\/734\/revisions"}],"wp:featuredmedia":[{"embeddable":true,"href":"https:\/\/pascalnoppe.com\/index.php\/wp-json\/wp\/v2\/media\/764"}],"wp:attachment":[{"href":"https:\/\/pascalnoppe.com\/index.php\/wp-json\/wp\/v2\/media?parent=734"}],"wp:term":[{"taxonomy":"product_cat","embeddable":true,"href":"https:\/\/pascalnoppe.com\/index.php\/wp-json\/wp\/v2\/product_cat?post=734"},{"taxonomy":"product_tag","embeddable":true,"href":"https:\/\/pascalnoppe.com\/index.php\/wp-json\/wp\/v2\/product_tag?post=734"}],"curies":[{"name":"wp","href":"https:\/\/api.w.org\/{rel}","templated":true}]}}