{"id":731,"date":"2021-05-23T11:38:00","date_gmt":"2021-05-23T09:38:00","guid":{"rendered":"http:\/\/pascalnoppe.com\/?post_type=product&#038;p=731"},"modified":"2021-05-23T11:38:06","modified_gmt":"2021-05-23T09:38:06","slug":"la-tarte-citron","status":"publish","type":"product","link":"https:\/\/pascalnoppe.com\/index.php\/produit\/la-tarte-citron\/","title":{"rendered":"La tarte citron"},"content":{"rendered":"<p>p\u00e2te sabl\u00e9e, cr\u00e8me citron l\u00e9g\u00e8re, caram\u00e9lis\u00e9 et avec un miroir neutre.<\/p>\n","protected":false},"excerpt":{"rendered":"<p>p\u00e2te sabl\u00e9e, cr\u00e8me citron l\u00e9g\u00e8re, caram\u00e9lis\u00e9 et avec un miroir neutre.<\/p>\n","protected":false},"featured_media":761,"template":"","meta":[],"product_cat":[17,35],"product_tag":[],"_links":{"self":[{"href":"https:\/\/pascalnoppe.com\/index.php\/wp-json\/wp\/v2\/product\/731"}],"collection":[{"href":"https:\/\/pascalnoppe.com\/index.php\/wp-json\/wp\/v2\/product"}],"about":[{"href":"https:\/\/pascalnoppe.com\/index.php\/wp-json\/wp\/v2\/types\/product"}],"version-history":[{"count":0,"href":"https:\/\/pascalnoppe.com\/index.php\/wp-json\/wp\/v2\/product\/731\/revisions"}],"wp:featuredmedia":[{"embeddable":true,"href":"https:\/\/pascalnoppe.com\/index.php\/wp-json\/wp\/v2\/media\/761"}],"wp:attachment":[{"href":"https:\/\/pascalnoppe.com\/index.php\/wp-json\/wp\/v2\/media?parent=731"}],"wp:term":[{"taxonomy":"product_cat","embeddable":true,"href":"https:\/\/pascalnoppe.com\/index.php\/wp-json\/wp\/v2\/product_cat?post=731"},{"taxonomy":"product_tag","embeddable":true,"href":"https:\/\/pascalnoppe.com\/index.php\/wp-json\/wp\/v2\/product_tag?post=731"}],"curies":[{"name":"wp","href":"https:\/\/api.w.org\/{rel}","templated":true}]}}