{"id":729,"date":"2021-05-23T11:37:59","date_gmt":"2021-05-23T09:37:59","guid":{"rendered":"http:\/\/pascalnoppe.com\/?post_type=product&#038;p=729"},"modified":"2021-05-23T11:38:05","modified_gmt":"2021-05-23T09:38:05","slug":"tarte-myrtille","status":"publish","type":"product","link":"https:\/\/pascalnoppe.com\/index.php\/produit\/tarte-myrtille\/","title":{"rendered":"Tarte myrtille"},"content":{"rendered":"<p>p\u00e2te sabl\u00e9e, cr\u00e8me d&rsquo;amande, cr\u00e8me patissi\u00e8re, myrtille.<\/p>\n","protected":false},"excerpt":{"rendered":"<p>p\u00e2te sabl\u00e9e, cr\u00e8me d&rsquo;amande, cr\u00e8me patissi\u00e8re, myrtille.<\/p>\n","protected":false},"featured_media":759,"template":"","meta":[],"product_cat":[17,35],"product_tag":[],"_links":{"self":[{"href":"https:\/\/pascalnoppe.com\/index.php\/wp-json\/wp\/v2\/product\/729"}],"collection":[{"href":"https:\/\/pascalnoppe.com\/index.php\/wp-json\/wp\/v2\/product"}],"about":[{"href":"https:\/\/pascalnoppe.com\/index.php\/wp-json\/wp\/v2\/types\/product"}],"version-history":[{"count":0,"href":"https:\/\/pascalnoppe.com\/index.php\/wp-json\/wp\/v2\/product\/729\/revisions"}],"wp:featuredmedia":[{"embeddable":true,"href":"https:\/\/pascalnoppe.com\/index.php\/wp-json\/wp\/v2\/media\/759"}],"wp:attachment":[{"href":"https:\/\/pascalnoppe.com\/index.php\/wp-json\/wp\/v2\/media?parent=729"}],"wp:term":[{"taxonomy":"product_cat","embeddable":true,"href":"https:\/\/pascalnoppe.com\/index.php\/wp-json\/wp\/v2\/product_cat?post=729"},{"taxonomy":"product_tag","embeddable":true,"href":"https:\/\/pascalnoppe.com\/index.php\/wp-json\/wp\/v2\/product_tag?post=729"}],"curies":[{"name":"wp","href":"https:\/\/api.w.org\/{rel}","templated":true}]}}