{"id":728,"date":"2021-05-23T11:37:59","date_gmt":"2021-05-23T09:37:59","guid":{"rendered":"http:\/\/pascalnoppe.com\/?post_type=product&#038;p=728"},"modified":"2021-05-23T11:38:05","modified_gmt":"2021-05-23T09:38:05","slug":"le-deux-chocolat-2","status":"publish","type":"product","link":"https:\/\/pascalnoppe.com\/index.php\/produit\/le-deux-chocolat-2\/","title":{"rendered":"Le deux chocolat"},"content":{"rendered":"<p>mousse chocolat lait papouasie, mousse chocolat noir exc\u00e9llence, biscuit chocolat amande, sir\u00f4p de cacao, glac\u00e9 chocolat noir et blanc.<\/p>\n","protected":false},"excerpt":{"rendered":"<p>mousse chocolat lait papouasie, mousse chocolat noir exc\u00e9llence, biscuit chocolat amande, sir\u00f4p de cacao, glac\u00e9 chocolat noir et blanc.<\/p>\n","protected":false},"featured_media":758,"template":"","meta":[],"product_cat":[17,35],"product_tag":[],"_links":{"self":[{"href":"https:\/\/pascalnoppe.com\/index.php\/wp-json\/wp\/v2\/product\/728"}],"collection":[{"href":"https:\/\/pascalnoppe.com\/index.php\/wp-json\/wp\/v2\/product"}],"about":[{"href":"https:\/\/pascalnoppe.com\/index.php\/wp-json\/wp\/v2\/types\/product"}],"version-history":[{"count":0,"href":"https:\/\/pascalnoppe.com\/index.php\/wp-json\/wp\/v2\/product\/728\/revisions"}],"wp:featuredmedia":[{"embeddable":true,"href":"https:\/\/pascalnoppe.com\/index.php\/wp-json\/wp\/v2\/media\/758"}],"wp:attachment":[{"href":"https:\/\/pascalnoppe.com\/index.php\/wp-json\/wp\/v2\/media?parent=728"}],"wp:term":[{"taxonomy":"product_cat","embeddable":true,"href":"https:\/\/pascalnoppe.com\/index.php\/wp-json\/wp\/v2\/product_cat?post=728"},{"taxonomy":"product_tag","embeddable":true,"href":"https:\/\/pascalnoppe.com\/index.php\/wp-json\/wp\/v2\/product_tag?post=728"}],"curies":[{"name":"wp","href":"https:\/\/api.w.org\/{rel}","templated":true}]}}