{"id":727,"date":"2021-05-23T11:37:59","date_gmt":"2021-05-23T09:37:59","guid":{"rendered":"http:\/\/pascalnoppe.com\/?post_type=product&#038;p=727"},"modified":"2021-05-23T11:38:04","modified_gmt":"2021-05-23T09:38:04","slug":"le-savarin-chantilly","status":"publish","type":"product","link":"https:\/\/pascalnoppe.com\/index.php\/produit\/le-savarin-chantilly\/","title":{"rendered":"Le savarin chantilly"},"content":{"rendered":"<p>p\u00e2te \u00e0 savarin, tremp\u00e9 dans un sir\u00f4p au rhum, cr\u00e8me chantilly,&#8230;<\/p>\n","protected":false},"excerpt":{"rendered":"<p>p\u00e2te \u00e0 savarin, tremp\u00e9 dans un sir\u00f4p au rhum, cr\u00e8me chantilly,&#8230;<\/p>\n","protected":false},"featured_media":757,"template":"","meta":[],"product_cat":[17,35],"product_tag":[],"_links":{"self":[{"href":"https:\/\/pascalnoppe.com\/index.php\/wp-json\/wp\/v2\/product\/727"}],"collection":[{"href":"https:\/\/pascalnoppe.com\/index.php\/wp-json\/wp\/v2\/product"}],"about":[{"href":"https:\/\/pascalnoppe.com\/index.php\/wp-json\/wp\/v2\/types\/product"}],"version-history":[{"count":0,"href":"https:\/\/pascalnoppe.com\/index.php\/wp-json\/wp\/v2\/product\/727\/revisions"}],"wp:featuredmedia":[{"embeddable":true,"href":"https:\/\/pascalnoppe.com\/index.php\/wp-json\/wp\/v2\/media\/757"}],"wp:attachment":[{"href":"https:\/\/pascalnoppe.com\/index.php\/wp-json\/wp\/v2\/media?parent=727"}],"wp:term":[{"taxonomy":"product_cat","embeddable":true,"href":"https:\/\/pascalnoppe.com\/index.php\/wp-json\/wp\/v2\/product_cat?post=727"},{"taxonomy":"product_tag","embeddable":true,"href":"https:\/\/pascalnoppe.com\/index.php\/wp-json\/wp\/v2\/product_tag?post=727"}],"curies":[{"name":"wp","href":"https:\/\/api.w.org\/{rel}","templated":true}]}}