{"id":725,"date":"2021-05-23T11:37:59","date_gmt":"2021-05-23T09:37:59","guid":{"rendered":"http:\/\/pascalnoppe.com\/?post_type=product&#038;p=725"},"modified":"2021-05-23T11:38:03","modified_gmt":"2021-05-23T09:38:03","slug":"mille-feuille-vanille","status":"publish","type":"product","link":"https:\/\/pascalnoppe.com\/index.php\/produit\/mille-feuille-vanille\/","title":{"rendered":"Mille-feuille vanille"},"content":{"rendered":"<p>un feuilletage caram\u00e9lis\u00e9 a souhait, croquant et une cr\u00e8me vanille comme il se doit. Un d\u00e9lice .<\/p>\n","protected":false},"excerpt":{"rendered":"<p>un feuilletage caram\u00e9lis\u00e9 a souhait, croquant et une cr\u00e8me vanille comme il se doit. Un d\u00e9lice .<\/p>\n","protected":false},"featured_media":755,"template":"","meta":[],"product_cat":[17,35],"product_tag":[],"_links":{"self":[{"href":"https:\/\/pascalnoppe.com\/index.php\/wp-json\/wp\/v2\/product\/725"}],"collection":[{"href":"https:\/\/pascalnoppe.com\/index.php\/wp-json\/wp\/v2\/product"}],"about":[{"href":"https:\/\/pascalnoppe.com\/index.php\/wp-json\/wp\/v2\/types\/product"}],"version-history":[{"count":0,"href":"https:\/\/pascalnoppe.com\/index.php\/wp-json\/wp\/v2\/product\/725\/revisions"}],"wp:featuredmedia":[{"embeddable":true,"href":"https:\/\/pascalnoppe.com\/index.php\/wp-json\/wp\/v2\/media\/755"}],"wp:attachment":[{"href":"https:\/\/pascalnoppe.com\/index.php\/wp-json\/wp\/v2\/media?parent=725"}],"wp:term":[{"taxonomy":"product_cat","embeddable":true,"href":"https:\/\/pascalnoppe.com\/index.php\/wp-json\/wp\/v2\/product_cat?post=725"},{"taxonomy":"product_tag","embeddable":true,"href":"https:\/\/pascalnoppe.com\/index.php\/wp-json\/wp\/v2\/product_tag?post=725"}],"curies":[{"name":"wp","href":"https:\/\/api.w.org\/{rel}","templated":true}]}}