{"id":691,"date":"2021-05-23T11:37:44","date_gmt":"2021-05-23T09:37:44","guid":{"rendered":"http:\/\/pascalnoppe.com\/?post_type=product&#038;p=691"},"modified":"2021-05-23T11:37:57","modified_gmt":"2021-05-23T09:37:57","slug":"le-cheese-cake","status":"publish","type":"product","link":"https:\/\/pascalnoppe.com\/index.php\/produit\/le-cheese-cake\/","title":{"rendered":"Le cheese cake"},"content":{"rendered":"<p>sur un fond de p\u00e2te sabl\u00e9e, le vrai cheese cake cuit au bain-marie comme \u00e0 New-york, d\u00e9corer avec des fraises et chr\u00e8me chantilly, un d\u00e9lice.,<\/p>\n","protected":false},"excerpt":{"rendered":"<p>sur un fond de p\u00e2te sabl\u00e9e, le vrai cheese cake cuit au bain-marie comme \u00e0 New-york, d\u00e9corer avec des fraises et chr\u00e8me chantilly, un d\u00e9lice.,<\/p>\n","protected":false},"featured_media":721,"template":"","meta":[],"product_cat":[17,19],"product_tag":[],"_links":{"self":[{"href":"https:\/\/pascalnoppe.com\/index.php\/wp-json\/wp\/v2\/product\/691"}],"collection":[{"href":"https:\/\/pascalnoppe.com\/index.php\/wp-json\/wp\/v2\/product"}],"about":[{"href":"https:\/\/pascalnoppe.com\/index.php\/wp-json\/wp\/v2\/types\/product"}],"version-history":[{"count":0,"href":"https:\/\/pascalnoppe.com\/index.php\/wp-json\/wp\/v2\/product\/691\/revisions"}],"wp:featuredmedia":[{"embeddable":true,"href":"https:\/\/pascalnoppe.com\/index.php\/wp-json\/wp\/v2\/media\/721"}],"wp:attachment":[{"href":"https:\/\/pascalnoppe.com\/index.php\/wp-json\/wp\/v2\/media?parent=691"}],"wp:term":[{"taxonomy":"product_cat","embeddable":true,"href":"https:\/\/pascalnoppe.com\/index.php\/wp-json\/wp\/v2\/product_cat?post=691"},{"taxonomy":"product_tag","embeddable":true,"href":"https:\/\/pascalnoppe.com\/index.php\/wp-json\/wp\/v2\/product_tag?post=691"}],"curies":[{"name":"wp","href":"https:\/\/api.w.org\/{rel}","templated":true}]}}