{"id":690,"date":"2021-05-23T11:37:44","date_gmt":"2021-05-23T09:37:44","guid":{"rendered":"http:\/\/pascalnoppe.com\/?post_type=product&#038;p=690"},"modified":"2021-05-23T11:37:56","modified_gmt":"2021-05-23T09:37:56","slug":"le-macaron-royal-2","status":"publish","type":"product","link":"https:\/\/pascalnoppe.com\/index.php\/produit\/le-macaron-royal-2\/","title":{"rendered":"Le Macaron Royal"},"content":{"rendered":"<p>Le favori de la maison, une merveille de l\u00e9geret\u00e9, biscuit macaron, cr\u00e8me p\u00e2tissi\u00e9re \u00e0 la vanille, des fraises et des framboises, cr\u00e9me chantilly, bisuit macaron., &nbsp;<\/p>\n","protected":false},"excerpt":{"rendered":"<p>Le favori de la maison, une merveille de l\u00e9geret\u00e9, biscuit macaron, cr\u00e8me p\u00e2tissi\u00e9re \u00e0 la vanille, des fraises et des framboises, cr\u00e9me chantilly, bisuit macaron., &nbsp;<\/p>\n","protected":false},"featured_media":720,"template":"","meta":[],"product_cat":[17,19],"product_tag":[],"_links":{"self":[{"href":"https:\/\/pascalnoppe.com\/index.php\/wp-json\/wp\/v2\/product\/690"}],"collection":[{"href":"https:\/\/pascalnoppe.com\/index.php\/wp-json\/wp\/v2\/product"}],"about":[{"href":"https:\/\/pascalnoppe.com\/index.php\/wp-json\/wp\/v2\/types\/product"}],"version-history":[{"count":0,"href":"https:\/\/pascalnoppe.com\/index.php\/wp-json\/wp\/v2\/product\/690\/revisions"}],"wp:featuredmedia":[{"embeddable":true,"href":"https:\/\/pascalnoppe.com\/index.php\/wp-json\/wp\/v2\/media\/720"}],"wp:attachment":[{"href":"https:\/\/pascalnoppe.com\/index.php\/wp-json\/wp\/v2\/media?parent=690"}],"wp:term":[{"taxonomy":"product_cat","embeddable":true,"href":"https:\/\/pascalnoppe.com\/index.php\/wp-json\/wp\/v2\/product_cat?post=690"},{"taxonomy":"product_tag","embeddable":true,"href":"https:\/\/pascalnoppe.com\/index.php\/wp-json\/wp\/v2\/product_tag?post=690"}],"curies":[{"name":"wp","href":"https:\/\/api.w.org\/{rel}","templated":true}]}}