{"id":688,"date":"2021-05-23T11:37:44","date_gmt":"2021-05-23T09:37:44","guid":{"rendered":"http:\/\/pascalnoppe.com\/?post_type=product&#038;p=688"},"modified":"2021-05-23T11:37:55","modified_gmt":"2021-05-23T09:37:55","slug":"carrement-caraibe-2011","status":"publish","type":"product","link":"https:\/\/pascalnoppe.com\/index.php\/produit\/carrement-caraibe-2011\/","title":{"rendered":"Carr\u00e9ment cara\u00efbe 2011"},"content":{"rendered":"<p>Mousse chocolat blanc, cr\u00e8meux mangue et passion, mangues po\u00eal\u00e9es et caram\u00e9lis\u00e9es, biscuit amande, sirop de coco, croustillant de coco et cacahu\u00e8tes, glac\u00e9 chocolat.<\/p>\n","protected":false},"excerpt":{"rendered":"<p>Mousse chocolat blanc, cr\u00e8meux mangue et passion, mangues po\u00eal\u00e9es et caram\u00e9lis\u00e9es, biscuit amande, sirop de coco, croustillant de coco et cacahu\u00e8tes, glac\u00e9 chocolat.<\/p>\n","protected":false},"featured_media":718,"template":"","meta":[],"product_cat":[17,19],"product_tag":[],"_links":{"self":[{"href":"https:\/\/pascalnoppe.com\/index.php\/wp-json\/wp\/v2\/product\/688"}],"collection":[{"href":"https:\/\/pascalnoppe.com\/index.php\/wp-json\/wp\/v2\/product"}],"about":[{"href":"https:\/\/pascalnoppe.com\/index.php\/wp-json\/wp\/v2\/types\/product"}],"version-history":[{"count":0,"href":"https:\/\/pascalnoppe.com\/index.php\/wp-json\/wp\/v2\/product\/688\/revisions"}],"wp:featuredmedia":[{"embeddable":true,"href":"https:\/\/pascalnoppe.com\/index.php\/wp-json\/wp\/v2\/media\/718"}],"wp:attachment":[{"href":"https:\/\/pascalnoppe.com\/index.php\/wp-json\/wp\/v2\/media?parent=688"}],"wp:term":[{"taxonomy":"product_cat","embeddable":true,"href":"https:\/\/pascalnoppe.com\/index.php\/wp-json\/wp\/v2\/product_cat?post=688"},{"taxonomy":"product_tag","embeddable":true,"href":"https:\/\/pascalnoppe.com\/index.php\/wp-json\/wp\/v2\/product_tag?post=688"}],"curies":[{"name":"wp","href":"https:\/\/api.w.org\/{rel}","templated":true}]}}