{"id":687,"date":"2021-05-23T11:37:44","date_gmt":"2021-05-23T09:37:44","guid":{"rendered":"http:\/\/pascalnoppe.com\/?post_type=product&#038;p=687"},"modified":"2021-06-27T11:14:05","modified_gmt":"2021-06-27T09:14:05","slug":"carrement-citron-et-praline","status":"publish","type":"product","link":"https:\/\/pascalnoppe.com\/index.php\/produit\/carrement-citron-et-praline\/","title":{"rendered":"Carr\u00e9ment citron et pralin\u00e9"},"content":{"rendered":"<p>Cr\u00e8me de citron, mousse pralin\u00e9 amande, biscuit amande au sirop de citron, croquant d&rsquo;amandes r\u00f4ties, glac\u00e9 chocolat au lait.<\/p>\n","protected":false},"excerpt":{"rendered":"<p>Cr\u00e8me de citron, mousse pralin\u00e9 amande, biscuit amande au sirop de citron, croquant d&rsquo;amandes r\u00f4ties, glac\u00e9 chocolat au lait.<\/p>\n","protected":false},"featured_media":717,"template":"","meta":[],"product_cat":[17,19],"product_tag":[],"_links":{"self":[{"href":"https:\/\/pascalnoppe.com\/index.php\/wp-json\/wp\/v2\/product\/687"}],"collection":[{"href":"https:\/\/pascalnoppe.com\/index.php\/wp-json\/wp\/v2\/product"}],"about":[{"href":"https:\/\/pascalnoppe.com\/index.php\/wp-json\/wp\/v2\/types\/product"}],"version-history":[{"count":1,"href":"https:\/\/pascalnoppe.com\/index.php\/wp-json\/wp\/v2\/product\/687\/revisions"}],"predecessor-version":[{"id":1964,"href":"https:\/\/pascalnoppe.com\/index.php\/wp-json\/wp\/v2\/product\/687\/revisions\/1964"}],"wp:featuredmedia":[{"embeddable":true,"href":"https:\/\/pascalnoppe.com\/index.php\/wp-json\/wp\/v2\/media\/717"}],"wp:attachment":[{"href":"https:\/\/pascalnoppe.com\/index.php\/wp-json\/wp\/v2\/media?parent=687"}],"wp:term":[{"taxonomy":"product_cat","embeddable":true,"href":"https:\/\/pascalnoppe.com\/index.php\/wp-json\/wp\/v2\/product_cat?post=687"},{"taxonomy":"product_tag","embeddable":true,"href":"https:\/\/pascalnoppe.com\/index.php\/wp-json\/wp\/v2\/product_tag?post=687"}],"curies":[{"name":"wp","href":"https:\/\/api.w.org\/{rel}","templated":true}]}}