{"id":686,"date":"2021-05-23T11:37:43","date_gmt":"2021-05-23T09:37:43","guid":{"rendered":"http:\/\/pascalnoppe.com\/?post_type=product&#038;p=686"},"modified":"2021-05-23T11:37:55","modified_gmt":"2021-05-23T09:37:55","slug":"sensation-cassis-violette","status":"publish","type":"product","link":"https:\/\/pascalnoppe.com\/index.php\/produit\/sensation-cassis-violette\/","title":{"rendered":"Sensation cassis violette"},"content":{"rendered":"<p>Biscuit amande, cr\u00e8meux cassis, pommes po\u00eal\u00e9es \u00e0 la cannelle, cr\u00e8me l\u00e9g\u00e8re \u00e0 la violette, glac\u00e9 chocolat blanc violette, un peu de crumble&nbsp;en d\u00e9cor.<\/p>\n","protected":false},"excerpt":{"rendered":"<p>Biscuit amande, cr\u00e8meux cassis, pommes po\u00eal\u00e9es \u00e0 la cannelle, cr\u00e8me l\u00e9g\u00e8re \u00e0 la violette, glac\u00e9 chocolat blanc violette, un peu de crumble&nbsp;en d\u00e9cor.<\/p>\n","protected":false},"featured_media":716,"template":"","meta":[],"product_cat":[17,19],"product_tag":[],"_links":{"self":[{"href":"https:\/\/pascalnoppe.com\/index.php\/wp-json\/wp\/v2\/product\/686"}],"collection":[{"href":"https:\/\/pascalnoppe.com\/index.php\/wp-json\/wp\/v2\/product"}],"about":[{"href":"https:\/\/pascalnoppe.com\/index.php\/wp-json\/wp\/v2\/types\/product"}],"version-history":[{"count":0,"href":"https:\/\/pascalnoppe.com\/index.php\/wp-json\/wp\/v2\/product\/686\/revisions"}],"wp:featuredmedia":[{"embeddable":true,"href":"https:\/\/pascalnoppe.com\/index.php\/wp-json\/wp\/v2\/media\/716"}],"wp:attachment":[{"href":"https:\/\/pascalnoppe.com\/index.php\/wp-json\/wp\/v2\/media?parent=686"}],"wp:term":[{"taxonomy":"product_cat","embeddable":true,"href":"https:\/\/pascalnoppe.com\/index.php\/wp-json\/wp\/v2\/product_cat?post=686"},{"taxonomy":"product_tag","embeddable":true,"href":"https:\/\/pascalnoppe.com\/index.php\/wp-json\/wp\/v2\/product_tag?post=686"}],"curies":[{"name":"wp","href":"https:\/\/api.w.org\/{rel}","templated":true}]}}