{"id":685,"date":"2021-05-23T11:37:43","date_gmt":"2021-05-23T09:37:43","guid":{"rendered":"http:\/\/pascalnoppe.com\/?post_type=product&#038;p=685"},"modified":"2021-05-23T11:37:54","modified_gmt":"2021-05-23T09:37:54","slug":"le-soleillade","status":"publish","type":"product","link":"https:\/\/pascalnoppe.com\/index.php\/produit\/le-soleillade\/","title":{"rendered":"Le soleillade"},"content":{"rendered":"<p>Biscuit macaron, cr\u00e8me caramel au beurre sal\u00e9, des abricots poch\u00e9s \u00e0 la vanille, des pommes po\u00eal\u00e9es au beurre, une cr\u00e8me chiboust au rhum, caram\u00e9lis\u00e9e sur le-dessus, quelques framboises et p\u00e2te de fruits en d\u00e9cor.<\/p>\n","protected":false},"excerpt":{"rendered":"<p>Biscuit macaron, cr\u00e8me caramel au beurre sal\u00e9, des abricots poch\u00e9s \u00e0 la vanille, des pommes po\u00eal\u00e9es au beurre, une cr\u00e8me chiboust au rhum, caram\u00e9lis\u00e9e sur le-dessus, quelques framboises et p\u00e2te de fruits en d\u00e9cor.<\/p>\n","protected":false},"featured_media":715,"template":"","meta":[],"product_cat":[17,19],"product_tag":[],"_links":{"self":[{"href":"https:\/\/pascalnoppe.com\/index.php\/wp-json\/wp\/v2\/product\/685"}],"collection":[{"href":"https:\/\/pascalnoppe.com\/index.php\/wp-json\/wp\/v2\/product"}],"about":[{"href":"https:\/\/pascalnoppe.com\/index.php\/wp-json\/wp\/v2\/types\/product"}],"version-history":[{"count":0,"href":"https:\/\/pascalnoppe.com\/index.php\/wp-json\/wp\/v2\/product\/685\/revisions"}],"wp:featuredmedia":[{"embeddable":true,"href":"https:\/\/pascalnoppe.com\/index.php\/wp-json\/wp\/v2\/media\/715"}],"wp:attachment":[{"href":"https:\/\/pascalnoppe.com\/index.php\/wp-json\/wp\/v2\/media?parent=685"}],"wp:term":[{"taxonomy":"product_cat","embeddable":true,"href":"https:\/\/pascalnoppe.com\/index.php\/wp-json\/wp\/v2\/product_cat?post=685"},{"taxonomy":"product_tag","embeddable":true,"href":"https:\/\/pascalnoppe.com\/index.php\/wp-json\/wp\/v2\/product_tag?post=685"}],"curies":[{"name":"wp","href":"https:\/\/api.w.org\/{rel}","templated":true}]}}