{"id":683,"date":"2021-05-23T11:37:43","date_gmt":"2021-05-23T09:37:43","guid":{"rendered":"http:\/\/pascalnoppe.com\/?post_type=product&#038;p=683"},"modified":"2021-05-23T11:37:53","modified_gmt":"2021-05-23T09:37:53","slug":"sensation-poire-chocolat","status":"publish","type":"product","link":"https:\/\/pascalnoppe.com\/index.php\/produit\/sensation-poire-chocolat\/","title":{"rendered":"Sensation poire chocolat"},"content":{"rendered":"<p>Caramel de poire au sel de Gu\u00e9rande, mousse chocolat noir excellence, compot\u00e9e de poires \u00e0 la vanille, croquant de cacahu\u00e8ttes et noisettes, biscuit dacquoise chocolat&nbsp;, gla\u00e7age chocolat noir et crumble.<\/p>\n","protected":false},"excerpt":{"rendered":"<p>Caramel de poire au sel de Gu\u00e9rande, mousse chocolat noir excellence, compot\u00e9e de poires \u00e0 la vanille, croquant de cacahu\u00e8ttes et noisettes, biscuit dacquoise chocolat&nbsp;, gla\u00e7age chocolat noir et crumble.<\/p>\n","protected":false},"featured_media":713,"template":"","meta":[],"product_cat":[17,19],"product_tag":[],"_links":{"self":[{"href":"https:\/\/pascalnoppe.com\/index.php\/wp-json\/wp\/v2\/product\/683"}],"collection":[{"href":"https:\/\/pascalnoppe.com\/index.php\/wp-json\/wp\/v2\/product"}],"about":[{"href":"https:\/\/pascalnoppe.com\/index.php\/wp-json\/wp\/v2\/types\/product"}],"version-history":[{"count":0,"href":"https:\/\/pascalnoppe.com\/index.php\/wp-json\/wp\/v2\/product\/683\/revisions"}],"wp:featuredmedia":[{"embeddable":true,"href":"https:\/\/pascalnoppe.com\/index.php\/wp-json\/wp\/v2\/media\/713"}],"wp:attachment":[{"href":"https:\/\/pascalnoppe.com\/index.php\/wp-json\/wp\/v2\/media?parent=683"}],"wp:term":[{"taxonomy":"product_cat","embeddable":true,"href":"https:\/\/pascalnoppe.com\/index.php\/wp-json\/wp\/v2\/product_cat?post=683"},{"taxonomy":"product_tag","embeddable":true,"href":"https:\/\/pascalnoppe.com\/index.php\/wp-json\/wp\/v2\/product_tag?post=683"}],"curies":[{"name":"wp","href":"https:\/\/api.w.org\/{rel}","templated":true}]}}