{"id":682,"date":"2021-05-23T11:37:43","date_gmt":"2021-05-23T09:37:43","guid":{"rendered":"http:\/\/pascalnoppe.com\/?post_type=product&#038;p=682"},"modified":"2021-05-23T11:37:53","modified_gmt":"2021-05-23T09:37:53","slug":"sensation-speculos","status":"publish","type":"product","link":"https:\/\/pascalnoppe.com\/index.php\/produit\/sensation-speculos\/","title":{"rendered":"Sensation sp\u00e9culos"},"content":{"rendered":"<p>Mousse sp\u00e9culos, caramel de framboise, pommes po\u00eal\u00e9es \u00e0 la cannelle, biscuit chocolat, croquant noisettes, glac\u00e9 chocolat blanc et \u00e9clat rouge.<\/FONT><\/FONT><\/FONT><\/SPAN><P style=\"MARGIN: 0cm 0cm 0pt\" class=MsoNormal><SPAN style=\"mso-ansi-language: FR\"><FONT size=3><FONT color=#000000><FONT face=\"Times New Roman\"><\/FONT><\/FONT><\/FONT><\/SPAN>\u00a0<P style=\"MARGIN: 0cm 0cm 0pt\" class=MsoNormal><SPAN style=\"mso-ansi-language: FR\"><FONT size=3><FONT color=#000000><FONT face=\"Times New Roman\"><\/FONT><\/FONT><\/FONT><\/SPAN>\u00a0<P style=\"MARGIN: 0cm 0cm 0pt\" class=MsoNormal><SPAN style=\"mso-ansi-language: FR\"><\/SPAN>\u00a0<\/p>\n","protected":false},"excerpt":{"rendered":"<p>Mousse sp\u00e9culos, caramel de framboise, pommes po\u00eal\u00e9es \u00e0 la cannelle, biscuit chocolat, croquant noisettes, glac\u00e9 chocolat blanc et \u00e9clat rouge.\u00a0\u00a0\u00a0<\/p>\n","protected":false},"featured_media":712,"template":"","meta":[],"product_cat":[17,19],"product_tag":[],"_links":{"self":[{"href":"https:\/\/pascalnoppe.com\/index.php\/wp-json\/wp\/v2\/product\/682"}],"collection":[{"href":"https:\/\/pascalnoppe.com\/index.php\/wp-json\/wp\/v2\/product"}],"about":[{"href":"https:\/\/pascalnoppe.com\/index.php\/wp-json\/wp\/v2\/types\/product"}],"version-history":[{"count":0,"href":"https:\/\/pascalnoppe.com\/index.php\/wp-json\/wp\/v2\/product\/682\/revisions"}],"wp:featuredmedia":[{"embeddable":true,"href":"https:\/\/pascalnoppe.com\/index.php\/wp-json\/wp\/v2\/media\/712"}],"wp:attachment":[{"href":"https:\/\/pascalnoppe.com\/index.php\/wp-json\/wp\/v2\/media?parent=682"}],"wp:term":[{"taxonomy":"product_cat","embeddable":true,"href":"https:\/\/pascalnoppe.com\/index.php\/wp-json\/wp\/v2\/product_cat?post=682"},{"taxonomy":"product_tag","embeddable":true,"href":"https:\/\/pascalnoppe.com\/index.php\/wp-json\/wp\/v2\/product_tag?post=682"}],"curies":[{"name":"wp","href":"https:\/\/api.w.org\/{rel}","templated":true}]}}