{"id":681,"date":"2021-05-23T11:37:43","date_gmt":"2021-05-23T09:37:43","guid":{"rendered":"http:\/\/pascalnoppe.com\/?post_type=product&#038;p=681"},"modified":"2021-05-23T11:37:53","modified_gmt":"2021-05-23T09:37:53","slug":"le-maccaronade","status":"publish","type":"product","link":"https:\/\/pascalnoppe.com\/index.php\/produit\/le-maccaronade\/","title":{"rendered":"Le maccaronade"},"content":{"rendered":"<p>biscuit maccaronade, cr\u00e8me vanille l\u00e9g\u00e8re, des myrtilles et griottes poch\u00e9es, quelques framboises.<\/p>\n","protected":false},"excerpt":{"rendered":"<p>biscuit maccaronade, cr\u00e8me vanille l\u00e9g\u00e8re, des myrtilles et griottes poch\u00e9es, quelques framboises.<\/p>\n","protected":false},"featured_media":711,"template":"","meta":[],"product_cat":[17,19],"product_tag":[],"_links":{"self":[{"href":"https:\/\/pascalnoppe.com\/index.php\/wp-json\/wp\/v2\/product\/681"}],"collection":[{"href":"https:\/\/pascalnoppe.com\/index.php\/wp-json\/wp\/v2\/product"}],"about":[{"href":"https:\/\/pascalnoppe.com\/index.php\/wp-json\/wp\/v2\/types\/product"}],"version-history":[{"count":0,"href":"https:\/\/pascalnoppe.com\/index.php\/wp-json\/wp\/v2\/product\/681\/revisions"}],"wp:featuredmedia":[{"embeddable":true,"href":"https:\/\/pascalnoppe.com\/index.php\/wp-json\/wp\/v2\/media\/711"}],"wp:attachment":[{"href":"https:\/\/pascalnoppe.com\/index.php\/wp-json\/wp\/v2\/media?parent=681"}],"wp:term":[{"taxonomy":"product_cat","embeddable":true,"href":"https:\/\/pascalnoppe.com\/index.php\/wp-json\/wp\/v2\/product_cat?post=681"},{"taxonomy":"product_tag","embeddable":true,"href":"https:\/\/pascalnoppe.com\/index.php\/wp-json\/wp\/v2\/product_tag?post=681"}],"curies":[{"name":"wp","href":"https:\/\/api.w.org\/{rel}","templated":true}]}}