{"id":680,"date":"2021-05-23T11:37:43","date_gmt":"2021-05-23T09:37:43","guid":{"rendered":"http:\/\/pascalnoppe.com\/?post_type=product&#038;p=680"},"modified":"2021-05-23T11:37:52","modified_gmt":"2021-05-23T09:37:52","slug":"lopera-praline","status":"publish","type":"product","link":"https:\/\/pascalnoppe.com\/index.php\/produit\/lopera-praline\/","title":{"rendered":"L&rsquo;op\u00e9ra pralin\u00e9"},"content":{"rendered":"<p>biscuit sacher, cr\u00e8me au beurre parlin\u00e9, sir\u00f4p kirsch,d\u00e9cor\u00e9 avec copaux chocolat.<\/p>\n","protected":false},"excerpt":{"rendered":"<p>biscuit sacher, cr\u00e8me au beurre parlin\u00e9, sir\u00f4p kirsch,d\u00e9cor\u00e9 avec copaux chocolat.<\/p>\n","protected":false},"featured_media":710,"template":"","meta":[],"product_cat":[17,19],"product_tag":[],"_links":{"self":[{"href":"https:\/\/pascalnoppe.com\/index.php\/wp-json\/wp\/v2\/product\/680"}],"collection":[{"href":"https:\/\/pascalnoppe.com\/index.php\/wp-json\/wp\/v2\/product"}],"about":[{"href":"https:\/\/pascalnoppe.com\/index.php\/wp-json\/wp\/v2\/types\/product"}],"version-history":[{"count":0,"href":"https:\/\/pascalnoppe.com\/index.php\/wp-json\/wp\/v2\/product\/680\/revisions"}],"wp:featuredmedia":[{"embeddable":true,"href":"https:\/\/pascalnoppe.com\/index.php\/wp-json\/wp\/v2\/media\/710"}],"wp:attachment":[{"href":"https:\/\/pascalnoppe.com\/index.php\/wp-json\/wp\/v2\/media?parent=680"}],"wp:term":[{"taxonomy":"product_cat","embeddable":true,"href":"https:\/\/pascalnoppe.com\/index.php\/wp-json\/wp\/v2\/product_cat?post=680"},{"taxonomy":"product_tag","embeddable":true,"href":"https:\/\/pascalnoppe.com\/index.php\/wp-json\/wp\/v2\/product_tag?post=680"}],"curies":[{"name":"wp","href":"https:\/\/api.w.org\/{rel}","templated":true}]}}