{"id":679,"date":"2021-05-23T11:37:43","date_gmt":"2021-05-23T09:37:43","guid":{"rendered":"http:\/\/pascalnoppe.com\/?post_type=product&#038;p=679"},"modified":"2021-05-23T11:37:52","modified_gmt":"2021-05-23T09:37:52","slug":"opera-cafe-chocolat","status":"publish","type":"product","link":"https:\/\/pascalnoppe.com\/index.php\/produit\/opera-cafe-chocolat\/","title":{"rendered":"Op\u00e9ra caf\u00e9 chocolat"},"content":{"rendered":"<p>biscuit sacher, biscuit amande, sir\u00f4p caf\u00e9, cr\u00e8me au beurre caf\u00e9, ganache chocolat noir,Un classique toujours d&rsquo;actualit\u00e9.<\/p>\n","protected":false},"excerpt":{"rendered":"<p>biscuit sacher, biscuit amande, sir\u00f4p caf\u00e9, cr\u00e8me au beurre caf\u00e9, ganache chocolat noir,Un classique toujours d&rsquo;actualit\u00e9.<\/p>\n","protected":false},"featured_media":709,"template":"","meta":[],"product_cat":[17,19],"product_tag":[],"_links":{"self":[{"href":"https:\/\/pascalnoppe.com\/index.php\/wp-json\/wp\/v2\/product\/679"}],"collection":[{"href":"https:\/\/pascalnoppe.com\/index.php\/wp-json\/wp\/v2\/product"}],"about":[{"href":"https:\/\/pascalnoppe.com\/index.php\/wp-json\/wp\/v2\/types\/product"}],"version-history":[{"count":0,"href":"https:\/\/pascalnoppe.com\/index.php\/wp-json\/wp\/v2\/product\/679\/revisions"}],"wp:featuredmedia":[{"embeddable":true,"href":"https:\/\/pascalnoppe.com\/index.php\/wp-json\/wp\/v2\/media\/709"}],"wp:attachment":[{"href":"https:\/\/pascalnoppe.com\/index.php\/wp-json\/wp\/v2\/media?parent=679"}],"wp:term":[{"taxonomy":"product_cat","embeddable":true,"href":"https:\/\/pascalnoppe.com\/index.php\/wp-json\/wp\/v2\/product_cat?post=679"},{"taxonomy":"product_tag","embeddable":true,"href":"https:\/\/pascalnoppe.com\/index.php\/wp-json\/wp\/v2\/product_tag?post=679"}],"curies":[{"name":"wp","href":"https:\/\/api.w.org\/{rel}","templated":true}]}}