{"id":678,"date":"2021-05-23T11:37:43","date_gmt":"2021-05-23T09:37:43","guid":{"rendered":"http:\/\/pascalnoppe.com\/?post_type=product&#038;p=678"},"modified":"2021-05-23T11:37:51","modified_gmt":"2021-05-23T09:37:51","slug":"lexotique","status":"publish","type":"product","link":"https:\/\/pascalnoppe.com\/index.php\/produit\/lexotique\/","title":{"rendered":"l&rsquo;Exotique"},"content":{"rendered":"<p>biscuit pandam, cr\u00e8me mousseline aux 3 fruits ( mangues, passion, coco ) avec des morceaux de mangues poel\u00e9s , comme un fraisier , fa\u00e7con exotisme pour Kuala Lumpur, Strudels<\/p>\n","protected":false},"excerpt":{"rendered":"<p>biscuit pandam, cr\u00e8me mousseline aux 3 fruits ( mangues, passion, coco ) avec des morceaux de mangues poel\u00e9s , comme un fraisier , fa\u00e7con exotisme pour Kuala Lumpur, Strudels<\/p>\n","protected":false},"featured_media":708,"template":"","meta":[],"product_cat":[17,19],"product_tag":[],"_links":{"self":[{"href":"https:\/\/pascalnoppe.com\/index.php\/wp-json\/wp\/v2\/product\/678"}],"collection":[{"href":"https:\/\/pascalnoppe.com\/index.php\/wp-json\/wp\/v2\/product"}],"about":[{"href":"https:\/\/pascalnoppe.com\/index.php\/wp-json\/wp\/v2\/types\/product"}],"version-history":[{"count":0,"href":"https:\/\/pascalnoppe.com\/index.php\/wp-json\/wp\/v2\/product\/678\/revisions"}],"wp:featuredmedia":[{"embeddable":true,"href":"https:\/\/pascalnoppe.com\/index.php\/wp-json\/wp\/v2\/media\/708"}],"wp:attachment":[{"href":"https:\/\/pascalnoppe.com\/index.php\/wp-json\/wp\/v2\/media?parent=678"}],"wp:term":[{"taxonomy":"product_cat","embeddable":true,"href":"https:\/\/pascalnoppe.com\/index.php\/wp-json\/wp\/v2\/product_cat?post=678"},{"taxonomy":"product_tag","embeddable":true,"href":"https:\/\/pascalnoppe.com\/index.php\/wp-json\/wp\/v2\/product_tag?post=678"}],"curies":[{"name":"wp","href":"https:\/\/api.w.org\/{rel}","templated":true}]}}