{"id":677,"date":"2021-05-23T11:37:43","date_gmt":"2021-05-23T09:37:43","guid":{"rendered":"http:\/\/pascalnoppe.com\/?post_type=product&#038;p=677"},"modified":"2021-05-23T11:37:51","modified_gmt":"2021-05-23T09:37:51","slug":"la-foret-noire","status":"publish","type":"product","link":"https:\/\/pascalnoppe.com\/index.php\/produit\/la-foret-noire\/","title":{"rendered":"La for\u00eat noire"},"content":{"rendered":"<p>biscuit chocolat amande, sir\u00f4p ch\u00e9rry, mousse chocolat noir, cerise amar\u00e9na, cr\u00e8me chantilly, copaux chocolat noir, cerise \u00e0 l&rsquo;eau de vie d\u00e9cor&#8230;<\/p>\n","protected":false},"excerpt":{"rendered":"<p>biscuit chocolat amande, sir\u00f4p ch\u00e9rry, mousse chocolat noir, cerise amar\u00e9na, cr\u00e8me chantilly, copaux chocolat noir, cerise \u00e0 l&rsquo;eau de vie d\u00e9cor&#8230;<\/p>\n","protected":false},"featured_media":707,"template":"","meta":[],"product_cat":[17,19],"product_tag":[],"_links":{"self":[{"href":"https:\/\/pascalnoppe.com\/index.php\/wp-json\/wp\/v2\/product\/677"}],"collection":[{"href":"https:\/\/pascalnoppe.com\/index.php\/wp-json\/wp\/v2\/product"}],"about":[{"href":"https:\/\/pascalnoppe.com\/index.php\/wp-json\/wp\/v2\/types\/product"}],"version-history":[{"count":0,"href":"https:\/\/pascalnoppe.com\/index.php\/wp-json\/wp\/v2\/product\/677\/revisions"}],"wp:featuredmedia":[{"embeddable":true,"href":"https:\/\/pascalnoppe.com\/index.php\/wp-json\/wp\/v2\/media\/707"}],"wp:attachment":[{"href":"https:\/\/pascalnoppe.com\/index.php\/wp-json\/wp\/v2\/media?parent=677"}],"wp:term":[{"taxonomy":"product_cat","embeddable":true,"href":"https:\/\/pascalnoppe.com\/index.php\/wp-json\/wp\/v2\/product_cat?post=677"},{"taxonomy":"product_tag","embeddable":true,"href":"https:\/\/pascalnoppe.com\/index.php\/wp-json\/wp\/v2\/product_tag?post=677"}],"curies":[{"name":"wp","href":"https:\/\/api.w.org\/{rel}","templated":true}]}}