{"id":676,"date":"2021-05-23T11:37:43","date_gmt":"2021-05-23T09:37:43","guid":{"rendered":"http:\/\/pascalnoppe.com\/?post_type=product&#038;p=676"},"modified":"2021-05-23T11:37:50","modified_gmt":"2021-05-23T09:37:50","slug":"le-mogador","status":"publish","type":"product","link":"https:\/\/pascalnoppe.com\/index.php\/produit\/le-mogador\/","title":{"rendered":"Le Mogador"},"content":{"rendered":"<p>biscuit chocolat amnde, sir\u00f4p framboise, cr\u00e8me chantilly chocolat noir, confiture de framboise, un classique toujours tr\u00e8s gouteux.<\/p>\n","protected":false},"excerpt":{"rendered":"<p>biscuit chocolat amnde, sir\u00f4p framboise, cr\u00e8me chantilly chocolat noir, confiture de framboise, un classique toujours tr\u00e8s gouteux.<\/p>\n","protected":false},"featured_media":706,"template":"","meta":[],"product_cat":[17,19],"product_tag":[],"_links":{"self":[{"href":"https:\/\/pascalnoppe.com\/index.php\/wp-json\/wp\/v2\/product\/676"}],"collection":[{"href":"https:\/\/pascalnoppe.com\/index.php\/wp-json\/wp\/v2\/product"}],"about":[{"href":"https:\/\/pascalnoppe.com\/index.php\/wp-json\/wp\/v2\/types\/product"}],"version-history":[{"count":0,"href":"https:\/\/pascalnoppe.com\/index.php\/wp-json\/wp\/v2\/product\/676\/revisions"}],"wp:featuredmedia":[{"embeddable":true,"href":"https:\/\/pascalnoppe.com\/index.php\/wp-json\/wp\/v2\/media\/706"}],"wp:attachment":[{"href":"https:\/\/pascalnoppe.com\/index.php\/wp-json\/wp\/v2\/media?parent=676"}],"wp:term":[{"taxonomy":"product_cat","embeddable":true,"href":"https:\/\/pascalnoppe.com\/index.php\/wp-json\/wp\/v2\/product_cat?post=676"},{"taxonomy":"product_tag","embeddable":true,"href":"https:\/\/pascalnoppe.com\/index.php\/wp-json\/wp\/v2\/product_tag?post=676"}],"curies":[{"name":"wp","href":"https:\/\/api.w.org\/{rel}","templated":true}]}}