{"id":675,"date":"2021-05-23T11:37:43","date_gmt":"2021-05-23T09:37:43","guid":{"rendered":"http:\/\/pascalnoppe.com\/?post_type=product&#038;p=675"},"modified":"2021-05-23T11:37:50","modified_gmt":"2021-05-23T09:37:50","slug":"le-sensation-orange","status":"publish","type":"product","link":"https:\/\/pascalnoppe.com\/index.php\/produit\/le-sensation-orange\/","title":{"rendered":"Le sensation orange"},"content":{"rendered":"<p>biscuit chocolat amer, sir\u00f4p \u00e0 la fleur d&rsquo;oranger, mousse chocolat noir, cr\u00e8me orange \u00e0 la fleur d&rsquo;oranger, glac\u00e9 chocolat noir, goutte de chocolat orange.<\/p>\n","protected":false},"excerpt":{"rendered":"<p>biscuit chocolat amer, sir\u00f4p \u00e0 la fleur d&rsquo;oranger, mousse chocolat noir, cr\u00e8me orange \u00e0 la fleur d&rsquo;oranger, glac\u00e9 chocolat noir, goutte de chocolat orange.<\/p>\n","protected":false},"featured_media":705,"template":"","meta":[],"product_cat":[17,19],"product_tag":[],"_links":{"self":[{"href":"https:\/\/pascalnoppe.com\/index.php\/wp-json\/wp\/v2\/product\/675"}],"collection":[{"href":"https:\/\/pascalnoppe.com\/index.php\/wp-json\/wp\/v2\/product"}],"about":[{"href":"https:\/\/pascalnoppe.com\/index.php\/wp-json\/wp\/v2\/types\/product"}],"version-history":[{"count":0,"href":"https:\/\/pascalnoppe.com\/index.php\/wp-json\/wp\/v2\/product\/675\/revisions"}],"wp:featuredmedia":[{"embeddable":true,"href":"https:\/\/pascalnoppe.com\/index.php\/wp-json\/wp\/v2\/media\/705"}],"wp:attachment":[{"href":"https:\/\/pascalnoppe.com\/index.php\/wp-json\/wp\/v2\/media?parent=675"}],"wp:term":[{"taxonomy":"product_cat","embeddable":true,"href":"https:\/\/pascalnoppe.com\/index.php\/wp-json\/wp\/v2\/product_cat?post=675"},{"taxonomy":"product_tag","embeddable":true,"href":"https:\/\/pascalnoppe.com\/index.php\/wp-json\/wp\/v2\/product_tag?post=675"}],"curies":[{"name":"wp","href":"https:\/\/api.w.org\/{rel}","templated":true}]}}