{"id":674,"date":"2021-05-23T11:37:42","date_gmt":"2021-05-23T09:37:42","guid":{"rendered":"http:\/\/pascalnoppe.com\/?post_type=product&#038;p=674"},"modified":"2021-05-23T11:37:50","modified_gmt":"2021-05-23T09:37:50","slug":"le-cheese-cake-au-cafe","status":"publish","type":"product","link":"https:\/\/pascalnoppe.com\/index.php\/produit\/le-cheese-cake-au-cafe\/","title":{"rendered":"Le cheese cake au caf\u00e9"},"content":{"rendered":"<p>sur fond de p\u00e2te sabl\u00e9e, cr\u00e8me cheese philadelphia pr\u00e9par\u00e9 comme il se doit, cuit au bain-marie, se d\u00e9guste froid.recette originale, rapport\u00e9 de mes voyages.<\/p>\n","protected":false},"excerpt":{"rendered":"<p>sur fond de p\u00e2te sabl\u00e9e, cr\u00e8me cheese philadelphia pr\u00e9par\u00e9 comme il se doit, cuit au bain-marie, se d\u00e9guste froid.recette originale, rapport\u00e9 de mes voyages.<\/p>\n","protected":false},"featured_media":704,"template":"","meta":[],"product_cat":[17,19],"product_tag":[],"_links":{"self":[{"href":"https:\/\/pascalnoppe.com\/index.php\/wp-json\/wp\/v2\/product\/674"}],"collection":[{"href":"https:\/\/pascalnoppe.com\/index.php\/wp-json\/wp\/v2\/product"}],"about":[{"href":"https:\/\/pascalnoppe.com\/index.php\/wp-json\/wp\/v2\/types\/product"}],"version-history":[{"count":0,"href":"https:\/\/pascalnoppe.com\/index.php\/wp-json\/wp\/v2\/product\/674\/revisions"}],"wp:featuredmedia":[{"embeddable":true,"href":"https:\/\/pascalnoppe.com\/index.php\/wp-json\/wp\/v2\/media\/704"}],"wp:attachment":[{"href":"https:\/\/pascalnoppe.com\/index.php\/wp-json\/wp\/v2\/media?parent=674"}],"wp:term":[{"taxonomy":"product_cat","embeddable":true,"href":"https:\/\/pascalnoppe.com\/index.php\/wp-json\/wp\/v2\/product_cat?post=674"},{"taxonomy":"product_tag","embeddable":true,"href":"https:\/\/pascalnoppe.com\/index.php\/wp-json\/wp\/v2\/product_tag?post=674"}],"curies":[{"name":"wp","href":"https:\/\/api.w.org\/{rel}","templated":true}]}}