{"id":673,"date":"2021-05-23T11:37:42","date_gmt":"2021-05-23T09:37:42","guid":{"rendered":"http:\/\/pascalnoppe.com\/?post_type=product&#038;p=673"},"modified":"2021-05-23T11:37:49","modified_gmt":"2021-05-23T09:37:49","slug":"le-sensation-rose-framboise","status":"publish","type":"product","link":"https:\/\/pascalnoppe.com\/index.php\/produit\/le-sensation-rose-framboise\/","title":{"rendered":"Le sensation rose framboise"},"content":{"rendered":"<p>cr\u00e8meux \u00e0 la framboise avec des morceaux de litchi et de framboises, biscuit macaronade,cr\u00e8me l\u00e9g\u00e8re \u00e0 la rose, biscuit amande imbib\u00e9 au sir\u00f4p de rose, glac\u00e9 chocolat blanc rose&#8230;<\/p>\n","protected":false},"excerpt":{"rendered":"<p>cr\u00e8meux \u00e0 la framboise avec des morceaux de litchi et de framboises, biscuit macaronade,cr\u00e8me l\u00e9g\u00e8re \u00e0 la rose, biscuit amande imbib\u00e9 au sir\u00f4p de rose, glac\u00e9 chocolat blanc rose&#8230;<\/p>\n","protected":false},"featured_media":703,"template":"","meta":[],"product_cat":[17,19],"product_tag":[],"_links":{"self":[{"href":"https:\/\/pascalnoppe.com\/index.php\/wp-json\/wp\/v2\/product\/673"}],"collection":[{"href":"https:\/\/pascalnoppe.com\/index.php\/wp-json\/wp\/v2\/product"}],"about":[{"href":"https:\/\/pascalnoppe.com\/index.php\/wp-json\/wp\/v2\/types\/product"}],"version-history":[{"count":0,"href":"https:\/\/pascalnoppe.com\/index.php\/wp-json\/wp\/v2\/product\/673\/revisions"}],"wp:featuredmedia":[{"embeddable":true,"href":"https:\/\/pascalnoppe.com\/index.php\/wp-json\/wp\/v2\/media\/703"}],"wp:attachment":[{"href":"https:\/\/pascalnoppe.com\/index.php\/wp-json\/wp\/v2\/media?parent=673"}],"wp:term":[{"taxonomy":"product_cat","embeddable":true,"href":"https:\/\/pascalnoppe.com\/index.php\/wp-json\/wp\/v2\/product_cat?post=673"},{"taxonomy":"product_tag","embeddable":true,"href":"https:\/\/pascalnoppe.com\/index.php\/wp-json\/wp\/v2\/product_tag?post=673"}],"curies":[{"name":"wp","href":"https:\/\/api.w.org\/{rel}","templated":true}]}}