{"id":672,"date":"2021-05-23T11:37:42","date_gmt":"2021-05-23T09:37:42","guid":{"rendered":"http:\/\/pascalnoppe.com\/?post_type=product&#038;p=672"},"modified":"2021-05-23T11:37:49","modified_gmt":"2021-05-23T09:37:49","slug":"le-macaron-royal","status":"publish","type":"product","link":"https:\/\/pascalnoppe.com\/index.php\/produit\/le-macaron-royal\/","title":{"rendered":"Le macaron royal"},"content":{"rendered":"<p>Macaron Pascal, cr\u00e8me patissi\u00e8re \u00e0 la vanille, des framboises et des fraises, de la cr\u00e8me chantilly l\u00e9g\u00e8rement sucr\u00e9e, du macaron Pascal , un D\u00e9lice , extra, &nbsp;mais d\u00e9licat \u00e0 couper, mais \u00e0 manger &#8230;&#8230;<\/p>\n","protected":false},"excerpt":{"rendered":"<p>Macaron Pascal, cr\u00e8me patissi\u00e8re \u00e0 la vanille, des framboises et des fraises, de la cr\u00e8me chantilly l\u00e9g\u00e8rement sucr\u00e9e, du macaron Pascal , un D\u00e9lice , extra, &nbsp;mais d\u00e9licat \u00e0 couper, mais \u00e0 manger &#8230;&#8230;<\/p>\n","protected":false},"featured_media":702,"template":"","meta":[],"product_cat":[17,19],"product_tag":[],"_links":{"self":[{"href":"https:\/\/pascalnoppe.com\/index.php\/wp-json\/wp\/v2\/product\/672"}],"collection":[{"href":"https:\/\/pascalnoppe.com\/index.php\/wp-json\/wp\/v2\/product"}],"about":[{"href":"https:\/\/pascalnoppe.com\/index.php\/wp-json\/wp\/v2\/types\/product"}],"version-history":[{"count":0,"href":"https:\/\/pascalnoppe.com\/index.php\/wp-json\/wp\/v2\/product\/672\/revisions"}],"wp:featuredmedia":[{"embeddable":true,"href":"https:\/\/pascalnoppe.com\/index.php\/wp-json\/wp\/v2\/media\/702"}],"wp:attachment":[{"href":"https:\/\/pascalnoppe.com\/index.php\/wp-json\/wp\/v2\/media?parent=672"}],"wp:term":[{"taxonomy":"product_cat","embeddable":true,"href":"https:\/\/pascalnoppe.com\/index.php\/wp-json\/wp\/v2\/product_cat?post=672"},{"taxonomy":"product_tag","embeddable":true,"href":"https:\/\/pascalnoppe.com\/index.php\/wp-json\/wp\/v2\/product_tag?post=672"}],"curies":[{"name":"wp","href":"https:\/\/api.w.org\/{rel}","templated":true}]}}