{"id":670,"date":"2021-05-23T11:37:42","date_gmt":"2021-05-23T09:37:42","guid":{"rendered":"http:\/\/pascalnoppe.com\/?post_type=product&#038;p=670"},"modified":"2021-05-23T11:37:48","modified_gmt":"2021-05-23T09:37:48","slug":"le-douceur-noisette","status":"publish","type":"product","link":"https:\/\/pascalnoppe.com\/index.php\/produit\/le-douceur-noisette\/","title":{"rendered":"Le douceur noisette"},"content":{"rendered":"<p>dacquoise amande noisette, cr\u00e9meux&nbsp;chocolat lait papouasie,croquant de feuilletine et pralin\u00e9, cr\u00e8me chantilly chocolat lait papouasie, plaque de couverture lait.<\/p>\n","protected":false},"excerpt":{"rendered":"<p>dacquoise amande noisette, cr\u00e9meux&nbsp;chocolat lait papouasie,croquant de feuilletine et pralin\u00e9, cr\u00e8me chantilly chocolat lait papouasie, plaque de couverture lait.<\/p>\n","protected":false},"featured_media":700,"template":"","meta":[],"product_cat":[17,19],"product_tag":[],"_links":{"self":[{"href":"https:\/\/pascalnoppe.com\/index.php\/wp-json\/wp\/v2\/product\/670"}],"collection":[{"href":"https:\/\/pascalnoppe.com\/index.php\/wp-json\/wp\/v2\/product"}],"about":[{"href":"https:\/\/pascalnoppe.com\/index.php\/wp-json\/wp\/v2\/types\/product"}],"version-history":[{"count":0,"href":"https:\/\/pascalnoppe.com\/index.php\/wp-json\/wp\/v2\/product\/670\/revisions"}],"wp:featuredmedia":[{"embeddable":true,"href":"https:\/\/pascalnoppe.com\/index.php\/wp-json\/wp\/v2\/media\/700"}],"wp:attachment":[{"href":"https:\/\/pascalnoppe.com\/index.php\/wp-json\/wp\/v2\/media?parent=670"}],"wp:term":[{"taxonomy":"product_cat","embeddable":true,"href":"https:\/\/pascalnoppe.com\/index.php\/wp-json\/wp\/v2\/product_cat?post=670"},{"taxonomy":"product_tag","embeddable":true,"href":"https:\/\/pascalnoppe.com\/index.php\/wp-json\/wp\/v2\/product_tag?post=670"}],"curies":[{"name":"wp","href":"https:\/\/api.w.org\/{rel}","templated":true}]}}