{"id":667,"date":"2021-05-23T11:37:42","date_gmt":"2021-05-23T09:37:42","guid":{"rendered":"http:\/\/pascalnoppe.com\/?post_type=product&#038;p=667"},"modified":"2021-05-23T11:37:46","modified_gmt":"2021-05-23T09:37:46","slug":"le-deux-chocolat","status":"publish","type":"product","link":"https:\/\/pascalnoppe.com\/index.php\/produit\/le-deux-chocolat\/","title":{"rendered":"Le deux chocolat"},"content":{"rendered":"<p>mousse chocolat noir exc\u00e9llence, mousse chocolat lait papouasie, biscuit chocolat amande au sir\u00f4p de cacao, glac\u00e9 chocolat noir et chocolat blanc fa\u00e7on marbrage.<\/p>\n","protected":false},"excerpt":{"rendered":"<p>mousse chocolat noir exc\u00e9llence, mousse chocolat lait papouasie, biscuit chocolat amande au sir\u00f4p de cacao, glac\u00e9 chocolat noir et chocolat blanc fa\u00e7on marbrage.<\/p>\n","protected":false},"featured_media":697,"template":"","meta":[],"product_cat":[17,19],"product_tag":[],"_links":{"self":[{"href":"https:\/\/pascalnoppe.com\/index.php\/wp-json\/wp\/v2\/product\/667"}],"collection":[{"href":"https:\/\/pascalnoppe.com\/index.php\/wp-json\/wp\/v2\/product"}],"about":[{"href":"https:\/\/pascalnoppe.com\/index.php\/wp-json\/wp\/v2\/types\/product"}],"version-history":[{"count":0,"href":"https:\/\/pascalnoppe.com\/index.php\/wp-json\/wp\/v2\/product\/667\/revisions"}],"wp:featuredmedia":[{"embeddable":true,"href":"https:\/\/pascalnoppe.com\/index.php\/wp-json\/wp\/v2\/media\/697"}],"wp:attachment":[{"href":"https:\/\/pascalnoppe.com\/index.php\/wp-json\/wp\/v2\/media?parent=667"}],"wp:term":[{"taxonomy":"product_cat","embeddable":true,"href":"https:\/\/pascalnoppe.com\/index.php\/wp-json\/wp\/v2\/product_cat?post=667"},{"taxonomy":"product_tag","embeddable":true,"href":"https:\/\/pascalnoppe.com\/index.php\/wp-json\/wp\/v2\/product_tag?post=667"}],"curies":[{"name":"wp","href":"https:\/\/api.w.org\/{rel}","templated":true}]}}