{"id":666,"date":"2021-05-23T11:37:42","date_gmt":"2021-05-23T09:37:42","guid":{"rendered":"http:\/\/pascalnoppe.com\/?post_type=product&#038;p=666"},"modified":"2021-05-23T11:37:46","modified_gmt":"2021-05-23T09:37:46","slug":"le-sensation-excellence","status":"publish","type":"product","link":"https:\/\/pascalnoppe.com\/index.php\/produit\/le-sensation-excellence\/","title":{"rendered":"Le sensation exc\u00e9llence"},"content":{"rendered":"<p>croquant \u00e0 la pistache et perle de chocolat noir croustillante, biscuit macaronade,cr\u00e8me semoule l\u00e9g\u00e8re et fraise confite, glac\u00e9 chocolat blanc color\u00e9 vert<\/p>\n","protected":false},"excerpt":{"rendered":"<p>croquant \u00e0 la pistache et perle de chocolat noir croustillante, biscuit macaronade,cr\u00e8me semoule l\u00e9g\u00e8re et fraise confite, glac\u00e9 chocolat blanc color\u00e9 vert<\/p>\n","protected":false},"featured_media":696,"template":"","meta":[],"product_cat":[17,19],"product_tag":[],"_links":{"self":[{"href":"https:\/\/pascalnoppe.com\/index.php\/wp-json\/wp\/v2\/product\/666"}],"collection":[{"href":"https:\/\/pascalnoppe.com\/index.php\/wp-json\/wp\/v2\/product"}],"about":[{"href":"https:\/\/pascalnoppe.com\/index.php\/wp-json\/wp\/v2\/types\/product"}],"version-history":[{"count":0,"href":"https:\/\/pascalnoppe.com\/index.php\/wp-json\/wp\/v2\/product\/666\/revisions"}],"wp:featuredmedia":[{"embeddable":true,"href":"https:\/\/pascalnoppe.com\/index.php\/wp-json\/wp\/v2\/media\/696"}],"wp:attachment":[{"href":"https:\/\/pascalnoppe.com\/index.php\/wp-json\/wp\/v2\/media?parent=666"}],"wp:term":[{"taxonomy":"product_cat","embeddable":true,"href":"https:\/\/pascalnoppe.com\/index.php\/wp-json\/wp\/v2\/product_cat?post=666"},{"taxonomy":"product_tag","embeddable":true,"href":"https:\/\/pascalnoppe.com\/index.php\/wp-json\/wp\/v2\/product_tag?post=666"}],"curies":[{"name":"wp","href":"https:\/\/api.w.org\/{rel}","templated":true}]}}