{"id":665,"date":"2021-05-23T11:37:42","date_gmt":"2021-05-23T09:37:42","guid":{"rendered":"http:\/\/pascalnoppe.com\/?post_type=product&#038;p=665"},"modified":"2021-05-23T11:37:46","modified_gmt":"2021-05-23T09:37:46","slug":"le-gaite","status":"publish","type":"product","link":"https:\/\/pascalnoppe.com\/index.php\/produit\/le-gaite\/","title":{"rendered":"Le gait\u00e9"},"content":{"rendered":"<p>&nbsp;mousse vanille , morceaux de poire confit \u00e0 la vanille , truffes chocolat noir , biscuit l\u00e9ger aux amandes , sirop poire.<\/p>\n","protected":false},"excerpt":{"rendered":"<p>&nbsp;mousse vanille , morceaux de poire confit \u00e0 la vanille , truffes chocolat noir , biscuit l\u00e9ger aux amandes , sirop poire.<\/p>\n","protected":false},"featured_media":695,"template":"","meta":[],"product_cat":[17,19],"product_tag":[],"_links":{"self":[{"href":"https:\/\/pascalnoppe.com\/index.php\/wp-json\/wp\/v2\/product\/665"}],"collection":[{"href":"https:\/\/pascalnoppe.com\/index.php\/wp-json\/wp\/v2\/product"}],"about":[{"href":"https:\/\/pascalnoppe.com\/index.php\/wp-json\/wp\/v2\/types\/product"}],"version-history":[{"count":0,"href":"https:\/\/pascalnoppe.com\/index.php\/wp-json\/wp\/v2\/product\/665\/revisions"}],"wp:featuredmedia":[{"embeddable":true,"href":"https:\/\/pascalnoppe.com\/index.php\/wp-json\/wp\/v2\/media\/695"}],"wp:attachment":[{"href":"https:\/\/pascalnoppe.com\/index.php\/wp-json\/wp\/v2\/media?parent=665"}],"wp:term":[{"taxonomy":"product_cat","embeddable":true,"href":"https:\/\/pascalnoppe.com\/index.php\/wp-json\/wp\/v2\/product_cat?post=665"},{"taxonomy":"product_tag","embeddable":true,"href":"https:\/\/pascalnoppe.com\/index.php\/wp-json\/wp\/v2\/product_tag?post=665"}],"curies":[{"name":"wp","href":"https:\/\/api.w.org\/{rel}","templated":true}]}}