{"id":663,"date":"2021-05-23T11:37:41","date_gmt":"2021-05-23T09:37:41","guid":{"rendered":"http:\/\/pascalnoppe.com\/?post_type=product&#038;p=663"},"modified":"2021-05-23T11:37:45","modified_gmt":"2021-05-23T09:37:45","slug":"tour-de-macarons-assortis","status":"publish","type":"product","link":"https:\/\/pascalnoppe.com\/index.php\/produit\/tour-de-macarons-assortis\/","title":{"rendered":"Tour de Macarons assortis"},"content":{"rendered":"<p>Une tour de 80 Macarons assortis, 8 \u00e0 10 parfums diff\u00e9rent , agr\u00e9able pour un buffet , ou autre occasion, &nbsp;&nbsp;&nbsp;<\/p>\n","protected":false},"excerpt":{"rendered":"<p>Une tour de 80 Macarons assortis, 8 \u00e0 10 parfums diff\u00e9rent , agr\u00e9able pour un buffet , ou autre occasion, &nbsp;&nbsp;&nbsp;<\/p>\n","protected":false},"featured_media":693,"template":"","meta":[],"product_cat":[17,18],"product_tag":[],"_links":{"self":[{"href":"https:\/\/pascalnoppe.com\/index.php\/wp-json\/wp\/v2\/product\/663"}],"collection":[{"href":"https:\/\/pascalnoppe.com\/index.php\/wp-json\/wp\/v2\/product"}],"about":[{"href":"https:\/\/pascalnoppe.com\/index.php\/wp-json\/wp\/v2\/types\/product"}],"version-history":[{"count":0,"href":"https:\/\/pascalnoppe.com\/index.php\/wp-json\/wp\/v2\/product\/663\/revisions"}],"wp:featuredmedia":[{"embeddable":true,"href":"https:\/\/pascalnoppe.com\/index.php\/wp-json\/wp\/v2\/media\/693"}],"wp:attachment":[{"href":"https:\/\/pascalnoppe.com\/index.php\/wp-json\/wp\/v2\/media?parent=663"}],"wp:term":[{"taxonomy":"product_cat","embeddable":true,"href":"https:\/\/pascalnoppe.com\/index.php\/wp-json\/wp\/v2\/product_cat?post=663"},{"taxonomy":"product_tag","embeddable":true,"href":"https:\/\/pascalnoppe.com\/index.php\/wp-json\/wp\/v2\/product_tag?post=663"}],"curies":[{"name":"wp","href":"https:\/\/api.w.org\/{rel}","templated":true}]}}