{"id":630,"date":"2021-05-23T11:37:27","date_gmt":"2021-05-23T09:37:27","guid":{"rendered":"http:\/\/pascalnoppe.com\/?post_type=product&#038;p=630"},"modified":"2021-05-23T11:37:39","modified_gmt":"2021-05-23T09:37:39","slug":"macaron-anis-et-framboise","status":"publish","type":"product","link":"https:\/\/pascalnoppe.com\/index.php\/produit\/macaron-anis-et-framboise\/","title":{"rendered":"Macaron anis et framboise"},"content":{"rendered":"<p>biscuit macaron \u00e0 la vanille et biscuit macaron \u00e0 la framboise, ganache chocolat blanc au pastis, et p\u00e2te de fruit \u00e0 la framboise.<\/p>\n","protected":false},"excerpt":{"rendered":"<p>biscuit macaron \u00e0 la vanille et biscuit macaron \u00e0 la framboise, ganache chocolat blanc au pastis, et p\u00e2te de fruit \u00e0 la framboise.<\/p>\n","protected":false},"featured_media":660,"template":"","meta":[],"product_cat":[17,18],"product_tag":[],"_links":{"self":[{"href":"https:\/\/pascalnoppe.com\/index.php\/wp-json\/wp\/v2\/product\/630"}],"collection":[{"href":"https:\/\/pascalnoppe.com\/index.php\/wp-json\/wp\/v2\/product"}],"about":[{"href":"https:\/\/pascalnoppe.com\/index.php\/wp-json\/wp\/v2\/types\/product"}],"version-history":[{"count":0,"href":"https:\/\/pascalnoppe.com\/index.php\/wp-json\/wp\/v2\/product\/630\/revisions"}],"wp:featuredmedia":[{"embeddable":true,"href":"https:\/\/pascalnoppe.com\/index.php\/wp-json\/wp\/v2\/media\/660"}],"wp:attachment":[{"href":"https:\/\/pascalnoppe.com\/index.php\/wp-json\/wp\/v2\/media?parent=630"}],"wp:term":[{"taxonomy":"product_cat","embeddable":true,"href":"https:\/\/pascalnoppe.com\/index.php\/wp-json\/wp\/v2\/product_cat?post=630"},{"taxonomy":"product_tag","embeddable":true,"href":"https:\/\/pascalnoppe.com\/index.php\/wp-json\/wp\/v2\/product_tag?post=630"}],"curies":[{"name":"wp","href":"https:\/\/api.w.org\/{rel}","templated":true}]}}