{"id":629,"date":"2021-05-23T11:37:27","date_gmt":"2021-05-23T09:37:27","guid":{"rendered":"http:\/\/pascalnoppe.com\/?post_type=product&#038;p=629"},"modified":"2021-05-23T11:37:39","modified_gmt":"2021-05-23T09:37:39","slug":"macaron-praline-nutella","status":"publish","type":"product","link":"https:\/\/pascalnoppe.com\/index.php\/produit\/macaron-praline-nutella\/","title":{"rendered":"Macaron pralin\u00e9 Nutella"},"content":{"rendered":"<p>biscuit macaron au chocolat et biscuit macaron \u00e0 la vanille, ganache au Nutella et pralin\u00e9 amande maison.<\/p>\n","protected":false},"excerpt":{"rendered":"<p>biscuit macaron au chocolat et biscuit macaron \u00e0 la vanille, ganache au Nutella et pralin\u00e9 amande maison.<\/p>\n","protected":false},"featured_media":659,"template":"","meta":[],"product_cat":[17,18],"product_tag":[],"_links":{"self":[{"href":"https:\/\/pascalnoppe.com\/index.php\/wp-json\/wp\/v2\/product\/629"}],"collection":[{"href":"https:\/\/pascalnoppe.com\/index.php\/wp-json\/wp\/v2\/product"}],"about":[{"href":"https:\/\/pascalnoppe.com\/index.php\/wp-json\/wp\/v2\/types\/product"}],"version-history":[{"count":0,"href":"https:\/\/pascalnoppe.com\/index.php\/wp-json\/wp\/v2\/product\/629\/revisions"}],"wp:featuredmedia":[{"embeddable":true,"href":"https:\/\/pascalnoppe.com\/index.php\/wp-json\/wp\/v2\/media\/659"}],"wp:attachment":[{"href":"https:\/\/pascalnoppe.com\/index.php\/wp-json\/wp\/v2\/media?parent=629"}],"wp:term":[{"taxonomy":"product_cat","embeddable":true,"href":"https:\/\/pascalnoppe.com\/index.php\/wp-json\/wp\/v2\/product_cat?post=629"},{"taxonomy":"product_tag","embeddable":true,"href":"https:\/\/pascalnoppe.com\/index.php\/wp-json\/wp\/v2\/product_tag?post=629"}],"curies":[{"name":"wp","href":"https:\/\/api.w.org\/{rel}","templated":true}]}}